{"id":20,"date":"2013-12-12T09:42:04","date_gmt":"2013-12-12T09:42:04","guid":{"rendered":"http:\/\/etyekituzep.hu\/?page_id=20"},"modified":"2023-01-17T20:31:42","modified_gmt":"2023-01-17T20:31:42","slug":"ujhaz-centrum-bemutatasa","status":"publish","type":"page","link":"https:\/\/etyekituzep.hu\/?page_id=20","title":{"rendered":"Az \u00dajh\u00e1z bemutat\u00e1sa"},"content":{"rendered":"<p>Tisztelt \u00e9p\u00edtkez\u0151k, fel\u00faj\u00edt\u00f3k!<\/p>\n<p>\u00c9let\u00fcnk sor\u00e1n minden egyes v\u00e1s\u00e1rl\u00e1s d\u00f6nt\u00e9s el\u00e9 \u00e1ll\u00edt minket. Melyik m\u00e1rk\u00e1ban b\u00edzzunk? Mennyi p\u00e9nzt sz\u00e1njunk r\u00e1? A min\u0151s\u00e9get vagy az \u00e1rat vegy\u00fck ink\u00e1bb figyelembe? Sok-sok szempont, amelyek alapj\u00e1n v\u00e9g\u00fcl v\u00e1lasztunk. Egy mos\u00f3por vagy egy joghurt eset\u00e9n nincs t\u00falzott jelent\u0151s\u00e9ge a dolognak, hiszen amennyiben nem voltunk el\u00e9gedettek vel\u00fck, legk\u00f6zelebb m\u00e1sikat vesz\u00fcnk. Egy \u00e9p\u00edtkez\u00e9shez vagy fel\u00faj\u00edt\u00e1shoz v\u00e1s\u00e1rolt term\u00e9k azonban hossz\u00fa \u00e9vekre sz\u00f3l\u00f3 d\u00f6nt\u00e9s! \u00c9p\u00edt\u0151anyagot kiz\u00e1r\u00f3lag megfontoltan, szak\u00e9rt\u0151k tan\u00e1csad\u00e1sa mellett \u00e9rdemes v\u00e1s\u00e1rolni. Ehhez a d\u00f6nt\u00e9shez ad meg minden seg\u00edts\u00e9get Magyarorsz\u00e1g legnagyobb \u00e9p\u00edt\u0151anyag kereskedelmi h\u00e1l\u00f3zata: az <strong>\u00dajh\u00e1z<\/strong>.<\/p>\n<p>Mi\u00e9rt \u00e9rdemes az <strong>\u00dajh\u00e1z<\/strong>\u00a0mellett d\u00f6ntenie? A v\u00e1lasz egyetlen sz\u00f3: bizalom.<\/p>\n<p>B\u00edzzon egy olyan, 1997-ben alap\u00edtott kereskedelm h\u00e1lozatban, amely <strong>t\u00f6bb mint k\u00e9t \u00e9s f\u00e9l \u00e9vtizedes szakmai tapasztalattal<\/strong>\u00a0rendelkezik!<br \/>\nB\u00edzzon t\u00f6bb mint 90 telephely\u00fcnkben, amelyeknek mindegyike magyar tulajdonban van, \u00e9s amelyekben seg\u00edt\u0151k\u00e9sz, nagy szak\u00e9rtelemmel rendelkez\u0151 koll\u00e9g\u00e1k seg\u00edtik d\u00f6nt\u00e9s\u00e9ben!<\/p>\n<p>A folyamatos fejl\u0151d\u00e9s \u00e9s innov\u00e1ci\u00f3 nagyon fontos sz\u00e1munkra a v\u00e1llalati m\u0171k\u00f6d\u00e9s\u00fcnk valamennyi ter\u00fclet\u00e9n, \u00edgy nagy hangs\u00falyt fektet\u00fcnk a keresked\u00e9seink \u00e1ltal k\u00edn\u00e1lt \u00e9p\u00edt\u0151anyagok kapcs\u00e1n az aktu\u00e1lis trendek k\u00f6vet\u00e9s\u00e9re, term\u00e9kk\u00edn\u00e1latunk b\u0151v\u00edt\u00e9s\u00e9re \u00e9s -meg\u00faj\u00edt\u00e1s\u00e1ra, tov\u00e1bb\u00e1 az \u00fcgyf\u00e9l\u00e9lm\u00e9ny fokoz\u00e1s\u00e1ra. Term\u00e9keink mellett olyan kieg\u00e9sz\u00edt\u0151 szolt\u00e1ltat\u00e1sokkal, mint p\u00e9ld\u00e1ul h\u00e1zhozsz\u00e1ll\u00edt\u00e1s, k\u00f6lts\u00e9gkalkul\u00e1ci\u00f3, 3D l\u00e1tv\u00e1nytervez\u00e9s, g\u00e9pk\u00f6lcs\u00f6nz\u00e9s vagy az otthonfel\u00faj\u00edt\u00e1si t\u00e1mogat\u00e1s \u00fcgyint\u00e9z\u00e9s &#8211; k\u00f6nny\u00edtj\u00fck meg a v\u00e1s\u00e1rl\u00e1si folyamatot.<\/p>\n<p>B\u00edzzon egy olyan, <strong>100%-ig magyar tulajdon<\/strong>ban l\u00e9v\u0151\u00a0 \u00e9p\u00edt\u0151anyag kereskedelmi h\u00e1l\u00f3zatban, amelyet egy f\u00fcggetlen szakemberekb\u0151l \u00e1ll\u00f3 zs\u0171ri az elm\u00falt tizenk\u00e9t \u00e9vben a <strong>MagyarBrands<\/strong>\u00a0\u00e9s a\u00a0<strong>Business Superbrands<\/strong>\u00a0d\u00edjakkal t\u00fcntetett ki.<\/p>\n<p>25 \u00e9ves fenn\u00e1ll\u00e1sa \u00f3ta\u00a0<strong>az \u00dajh\u00e1z<\/strong>\u00a0mindig is\u00a0<strong>\u00fatt\u00f6r\u0151<\/strong>, innov\u00e1tor\u00a0<strong>szerepet t\u00f6lt\u00f6tt be a piacon<\/strong>. Az \u00e9vek alatt beszerz\u00e9si t\u00e1rsul\u00e1sb\u00f3l\u00a0<strong>er\u0151s franchise h\u00e1l\u00f3zatt\u00e1<\/strong>\u00a0n\u00f6vekv\u0151\u00a0<strong>v\u00e1llalatunk arculata 2022-ben meg\u00fajul<\/strong>, \u00e9s \u00fajH\u00c1Z Centrum helyett\u00a0<strong>\u00dajh\u00e1z n\u00e9v alatt folytatjuk m\u0171k\u00f6d\u00e9s\u00fcnket<\/strong>, fejl\u0151d\u00e9s\u00fcnket.<\/p>\n<p>B\u00edzunk benne, hogy hamarosan \u00d6nt is valamelyik telephely\u00fcnk\u00f6n k\u00f6sz\u00f6nthetj\u00fck, \u00e9s k\u00f6z\u00f6sen megtal\u00e1ljuk az ide\u00e1lis megold\u00e1st, ak\u00e1r \u00e9p\u00edtkez\u00e9s, ak\u00e1r fel\u00faj\u00edt\u00e1s el\u0151tt \u00e1ll.<\/p>\n<p>Tisztelettel,<br \/>\n<strong>az \u00dajh\u00e1z csapata<\/strong><\/p>\n","protected":false},"excerpt":{"rendered":"<p>Tisztelt \u00e9p\u00edtkez\u0151k, fel\u00faj\u00edt\u00f3k! \u00c9let\u00fcnk sor\u00e1n minden egyes v\u00e1s\u00e1rl\u00e1s d\u00f6nt\u00e9s el\u00e9 \u00e1ll\u00edt minket. Melyik m\u00e1rk\u00e1ban b\u00edzzunk? Mennyi p\u00e9nzt sz\u00e1njunk r\u00e1? A min\u0151s\u00e9get vagy az \u00e1rat vegy\u00fck ink\u00e1bb figyelembe? Sok-sok szempont, amelyek alapj\u00e1n v\u00e9g\u00fcl v\u00e1lasztunk. Egy mos\u00f3por vagy egy joghurt eset\u00e9n nincs t\u00falzott jelent\u0151s\u00e9ge a dolognak, hiszen amennyiben nem voltunk el\u00e9gedettek vel\u00fck, legk\u00f6zelebb m\u00e1sikat vesz\u00fcnk. Egy \u00e9p\u00edtkez\u00e9shez &#8230; <a title=\"Az \u00dajh\u00e1z bemutat\u00e1sa\" class=\"read-more\" href=\"https:\/\/etyekituzep.hu\/?page_id=20\" aria-label=\"Tov\u00e1bbiak Az \u00dajh\u00e1z bemutat\u00e1sa\">Olvass tov\u00e1bb<\/a><\/p>\n","protected":false},"author":2,"featured_media":0,"parent":0,"menu_order":0,"comment_status":"closed","ping_status":"closed","template":"","meta":[],"aioseo_notices":[],"_links":{"self":[{"href":"https:\/\/etyekituzep.hu\/index.php?rest_route=\/wp\/v2\/pages\/20"}],"collection":[{"href":"https:\/\/etyekituzep.hu\/index.php?rest_route=\/wp\/v2\/pages"}],"about":[{"href":"https:\/\/etyekituzep.hu\/index.php?rest_route=\/wp\/v2\/types\/page"}],"author":[{"embeddable":true,"href":"https:\/\/etyekituzep.hu\/index.php?rest_route=\/wp\/v2\/users\/2"}],"replies":[{"embeddable":true,"href":"https:\/\/etyekituzep.hu\/index.php?rest_route=%2Fwp%2Fv2%2Fcomments&post=20"}],"version-history":[{"count":0,"href":"https:\/\/etyekituzep.hu\/index.php?rest_route=\/wp\/v2\/pages\/20\/revisions"}],"wp:attachment":[{"href":"https:\/\/etyekituzep.hu\/index.php?rest_route=%2Fwp%2Fv2%2Fmedia&parent=20"}],"curies":[{"name":"wp","href":"https:\/\/api.w.org\/{rel}","templated":true}]}}