{"id":21,"date":"2013-12-12T11:27:24","date_gmt":"2013-12-12T11:27:24","guid":{"rendered":"http:\/\/etyekituzep.hu\/?page_id=21"},"modified":"2023-09-27T12:29:09","modified_gmt":"2023-09-27T12:29:09","slug":"rolunk","status":"publish","type":"page","link":"https:\/\/etyekituzep.hu\/?page_id=21","title":{"rendered":"R\u00f3lunk"},"content":{"rendered":"<p><strong>Az Etyeki T\u00fcz\u00e9p Kft<\/strong>. 2003-ban ind\u00edtotta el els\u0151 \u00e9p\u00edt\u0151anyag telep\u00e9t Etyeken. Az az\u00f3ta eltelt k\u00f6zel 20 \u00e9vben a fejl\u0151d\u00e9s\u00fcnk t\u00f6retlen. M\u00e1ra h\u00e1rom telephelyen \u2013 Etyek mellett 2010 \u00f3ta Bicsk\u00e9n \u00e9s 2016 \u00f3ta Sz\u00e9kesfeh\u00e9rv\u00e1ron \u2013 mind\u00f6sszesen <strong>44.000 n\u00e9gyzetm\u00e9ter ter\u00fcleten v\u00e1rjuk az \u00e9p\u00edtkez\u0151ket \u00e9s kivitelez\u0151ket<\/strong>.<\/p>\n<p>Az elm\u00falt \u00e9vek munk\u00e1j\u00e1nak \u00e9s f\u00e9lsz\u00e1z koll\u00e9g\u00e1nk szaktud\u00e1s\u00e1nak k\u00f6sz\u00f6nhet\u0151en a\u00a0<strong>k\u00f6rnyez\u0151 telep\u00fcl\u00e9sek egyik legn\u00e9pszer\u0171bb \u00e9p\u00edt\u0151anyag keresked\u0151j\u00e9v\u00e9 v\u00e1ltunk<\/strong>, legyen sz\u00f3 egy kisebb fel\u00faj\u00edt\u00e1sr\u00f3l, komplett csal\u00e1di h\u00e1z \u00e9p\u00edt\u0151anyagair\u00f3l vagy nagyszab\u00e1s\u00fa lak\u00f3parkok \u00e9p\u00edt\u0151anyag ig\u00e9ny\u00e9r\u0151l.<\/p>\n<p>N\u00e9pszer\u0171s\u00e9g\u00fcnket a kedvez\u0151 sz\u00e1ll\u00edt\u00e1si felt\u00e9teleinknek, megb\u00edzhat\u00f3s\u00e1gunknak \u00e9s versenyk\u00e9pes \u00e1rainknak k\u00f6sz\u00f6nhetj\u00fck. Vezet\u0151 szerepet v\u00edvtunk ki\u00a0<strong>\u00e9p\u00edt\u0151ipari keresked\u00e9sek k\u00f6z\u00f6tt<\/strong>, \u00edgy ma m\u00e1r sz\u00e1mos el\u00e9gedett, visszat\u00e9r\u0151 \u00fcgyf\u00e9lnek \u00f6rvendhet\u00fcnk a<strong>\u00a0szomsz\u00e9dos telep\u00fcl\u00e9sekr\u0151l<\/strong>\u00a0\u00e9s\u00a0professzion\u00e1lis online fel\u00fcleteinknek k\u00f6sz\u00f6nhet\u0151en <strong>orsz\u00e1gszerte\u00a0<\/strong>egyar\u00e1nt.<\/p>\n<p>Egyed\u00fcl\u00e1ll\u00f3, szak\u00e9rt\u0151kb\u0151l \u00e1ll\u00f3 \u00fcgyf\u00e9lszolg\u00e1latunk seg\u00edts\u00e9g\u00e9vel a v\u00e1s\u00e1rl\u00e1s n\u00e1lunk gondtalan, mag\u00e1n\u00e9p\u00edtkez\u0151k \u00e9s kivitelez\u0151k \u00f6r\u00f6mmel v\u00e1s\u00e1rolnak n\u00e1lunk.<br \/>\nAz<strong>\u00a0Etyeki T\u00fcz\u00e9p Kft<\/strong>.\u00a0<strong>nemzetk\u00f6zi \u00e9s hazai m\u00e1rk\u00e1kat<\/strong>\u00a0egyar\u00e1nt forgalmaz annak \u00e9rdek\u00e9ben, hogy a lehet\u0151 legsz\u00e9lesebb \u00e1ruv\u00e1laszt\u00e9kkal \u00e1lljunk \u00fcgyfeleink rendelkez\u00e9s\u00e9re. Az<strong>\u00a0alapokt\u00f3l a tet\u0151ig<\/strong>, az \u00e9p\u00edtkez\u00e9s elej\u00e9t\u0151l a v\u00e9g\u00e9ig t\u00e1maszkodhat r\u00e1nk.<\/p>\n<p><strong>Tagjai vagyunk Magyarorsz\u00e1g meghat\u00e1roz\u00f3 \u00e9p\u00edt\u0151anyagkereskedelmi h\u00e1l\u00f3zat\u00e1nak, az \u00fajH\u00c1Z Centrumnak, amely t\u00edzszeres Business Superbrands, \u00e9s t\u00edzszeres MagyarBrands d\u00edjazott<\/strong>, \u00e9s sz\u00e9les term\u00e9kv\u00e1laszt\u00e9kot, garant\u00e1lt v\u00e1s\u00e1rl\u00f3i \u00e9lm\u00e9nyt biztos\u00edt az Etyeki T\u00fcz\u00e9p telephelyein is.<\/p>\n<p>&nbsp;<\/p>\n<p><strong>Mi\u00e9rt \u00e9rdemes n\u00e1lunk v\u00e1s\u00e1rolni?<\/strong><\/p>\n<p>Az interneten t\u00f6rt\u00e9n\u0151 v\u00e1s\u00e1rl\u00e1s ma m\u00e1r egyre n\u00e9pszer\u0171bb az \u00e9p\u00edt\u0151anyagok eset\u00e9ben is. Szolg\u00e1ltat\u00e1saink \u00e9s szak\u00e9rt\u0151ink seg\u00edtik a v\u00e1s\u00e1rl\u00e1sban, hogy \u00d6n biztosan a<strong>\u00a0legide\u00e1lisabb term\u00e9ket<\/strong>, megfelel\u0151 mennyis\u00e9gben v\u00e1s\u00e1rolhassa meg.<\/p>\n<p>Ha a\u00a0<strong>term\u00e9kekkel, akci\u00f3inkkal, a sz\u00e1ll\u00edt\u00e1ssal, a fizet\u00e9si felt\u00e9telekkel<\/strong>\u00a0vagy b\u00e1rmi egy\u00e9bbel kapcsolatban k\u00e9rd\u00e9se van, k\u00e9rj\u00fck,<strong>\u00a0keressen meg minket<\/strong>!<\/p>\n<p><strong>e-mail:<\/strong>\u00a0info@etyekituzep.hu<br \/>\n<strong>telefon:<\/strong>\u00a006-22\/597-027<br \/>\n<strong>telefax:<\/strong>\u00a006-22\/597-028<br \/>\n<strong>c\u00edm:<\/strong>\u00a02091 Etyek, Kossuth L. u. 72\/B<\/p>\n<p>Telephelyeink:<\/p>\n<p><strong>Etyek<\/p>\n<p><\/strong>2091 Etyek, Kossuth L. u. 72\/B<br \/>\nTelefon:\u00a0<a class=\"click-mobile\" href=\"tel:+3622597027\">22\/597-027<\/a><br \/>\nTelefax: 22\/597-028<br \/>\nE-mail:\u00a0<a href=\"mailto:info@etyekituzep.hu\">info@etyekituzep.hu<\/a><strong><br \/>\n<\/strong><\/p>\n<p><strong>Sz\u00e9kesfeh\u00e9rv\u00e1r<\/p>\n<p><\/strong>8000 Sz\u00e9kesfeh\u00e9rv\u00e1r Szent Fl\u00f3ri\u00e1n Krt.-Kisk\u00fat \u00fatja sarok<br \/>\nTelefon:\u00a0<a class=\"click-mobile\" href=\"tel:+3622726013\">22\/726-013<\/a><br \/>\nE-mail:<a href=\"mailto:info@ujhazcentrum-szentflorian.hu\">info@ujhazcentrum-szentflorian.hu<\/a><strong><br \/>\n<\/strong><\/p>\n<p><strong>Bicske<\/p>\n<p><\/strong>2060 Bicske, Cs\u00e1kv\u00e1ri \u00fat 5.<br \/>\nTelefon:\u00a0<a class=\"click-mobile\" href=\"tel:+3622565350\">22\/565-351<\/a><br \/>\nTelefax: 22\/565-350<br \/>\nE-mail:\u00a0<a href=\"mailto:info@etyekituzep.hu\">info@etyekituzep.hu<\/a><\/p>\n","protected":false},"excerpt":{"rendered":"<p>Az Etyeki T\u00fcz\u00e9p Kft. 2003-ban ind\u00edtotta el els\u0151 \u00e9p\u00edt\u0151anyag telep\u00e9t Etyeken. Az az\u00f3ta eltelt k\u00f6zel 20 \u00e9vben a fejl\u0151d\u00e9s\u00fcnk t\u00f6retlen. M\u00e1ra h\u00e1rom telephelyen \u2013 Etyek mellett 2010 \u00f3ta Bicsk\u00e9n \u00e9s 2016 \u00f3ta Sz\u00e9kesfeh\u00e9rv\u00e1ron \u2013 mind\u00f6sszesen 44.000 n\u00e9gyzetm\u00e9ter ter\u00fcleten v\u00e1rjuk az \u00e9p\u00edtkez\u0151ket \u00e9s kivitelez\u0151ket. Az elm\u00falt \u00e9vek munk\u00e1j\u00e1nak \u00e9s f\u00e9lsz\u00e1z koll\u00e9g\u00e1nk szaktud\u00e1s\u00e1nak k\u00f6sz\u00f6nhet\u0151en a\u00a0k\u00f6rnyez\u0151 telep\u00fcl\u00e9sek egyik &#8230; <a title=\"R\u00f3lunk\" class=\"read-more\" href=\"https:\/\/etyekituzep.hu\/?page_id=21\" aria-label=\"Tov\u00e1bbiak R\u00f3lunk\">Olvass tov\u00e1bb<\/a><\/p>\n","protected":false},"author":2,"featured_media":0,"parent":0,"menu_order":1,"comment_status":"closed","ping_status":"closed","template":"","meta":[],"aioseo_notices":[],"_links":{"self":[{"href":"https:\/\/etyekituzep.hu\/index.php?rest_route=\/wp\/v2\/pages\/21"}],"collection":[{"href":"https:\/\/etyekituzep.hu\/index.php?rest_route=\/wp\/v2\/pages"}],"about":[{"href":"https:\/\/etyekituzep.hu\/index.php?rest_route=\/wp\/v2\/types\/page"}],"author":[{"embeddable":true,"href":"https:\/\/etyekituzep.hu\/index.php?rest_route=\/wp\/v2\/users\/2"}],"replies":[{"embeddable":true,"href":"https:\/\/etyekituzep.hu\/index.php?rest_route=%2Fwp%2Fv2%2Fcomments&post=21"}],"version-history":[{"count":2,"href":"https:\/\/etyekituzep.hu\/index.php?rest_route=\/wp\/v2\/pages\/21\/revisions"}],"predecessor-version":[{"id":1246,"href":"https:\/\/etyekituzep.hu\/index.php?rest_route=\/wp\/v2\/pages\/21\/revisions\/1246"}],"wp:attachment":[{"href":"https:\/\/etyekituzep.hu\/index.php?rest_route=%2Fwp%2Fv2%2Fmedia&parent=21"}],"curies":[{"name":"wp","href":"https:\/\/api.w.org\/{rel}","templated":true}]}}