{"id":23,"date":"2013-12-12T11:17:34","date_gmt":"2013-12-12T11:17:34","guid":{"rendered":"http:\/\/etyekituzep.hu\/?page_id=23"},"modified":"2025-03-18T14:36:25","modified_gmt":"2025-03-18T14:36:25","slug":"kapcsolat","status":"publish","type":"page","link":"https:\/\/etyekituzep.hu\/?page_id=23","title":{"rendered":"Kapcsolat"},"content":{"rendered":"\t\t<div data-elementor-type=\"wp-page\" data-elementor-id=\"23\" class=\"elementor elementor-23\">\n\t\t\t\t\t\t\t\t\t<section class=\"elementor-section elementor-top-section elementor-element elementor-element-210a5609 elementor-section-boxed elementor-section-height-default elementor-section-height-default\" data-id=\"210a5609\" data-element_type=\"section\" data-settings=\"{&quot;jet_parallax_layout_list&quot;:[]}\">\n\t\t\t\t\t\t<div class=\"elementor-container elementor-column-gap-default\">\n\t\t\t\t\t<div class=\"elementor-column elementor-col-100 elementor-top-column elementor-element elementor-element-46aa8b9f\" data-id=\"46aa8b9f\" data-element_type=\"column\">\n\t\t\t<div class=\"elementor-widget-wrap elementor-element-populated\">\n\t\t\t\t\t\t\t\t<div class=\"elementor-element elementor-element-dd84534 elementor-widget elementor-widget-text-editor\" data-id=\"dd84534\" data-element_type=\"widget\" data-widget_type=\"text-editor.default\">\n\t\t\t\t<div class=\"elementor-widget-container\">\n\t\t\t\t\t\t\t<p><b>\u00c9p\u00edt\u0151ipari term\u00e9kekkel, <span style=\"color: #f89a2b;\">orsz\u00e1gos h\u00e1zhoz sz\u00e1ll\u00edt\u00e1ssal<\/span><\/b> kapcsolatos k\u00e9rd\u00e9seire munkanapokon 24 \u00f3r\u00e1n bel\u00fcl v\u00e1laszolunk.<\/p><p>Telephelyeink:<\/p>\t\t\t\t\t\t<\/div>\n\t\t\t\t<\/div>\n\t\t\t\t<div class=\"elementor-element elementor-element-2c52368 elementor-widget elementor-widget-text-editor\" data-id=\"2c52368\" data-element_type=\"widget\" data-widget_type=\"text-editor.default\">\n\t\t\t\t<div class=\"elementor-widget-container\">\n\t\t\t\t\t\t\t<p><strong>Etyeki sz\u00e9khely \u00e9s telephely:<\/strong><br \/>2091 Etyek, Kossuth L. u. 72\/B<br \/>Telefon:\u00a0<a href=\"tel:+3622597027\">22\/597-027<\/a><br \/>E-mail:\u00a0<a href=\"mailto:info@etyekituzep.hu\">info@etyekituzep.hu<\/a><\/p>\t\t\t\t\t\t<\/div>\n\t\t\t\t<\/div>\n\t\t\t\t<div class=\"elementor-element elementor-element-a35ca4b elementor-widget elementor-widget-google_maps\" data-id=\"a35ca4b\" data-element_type=\"widget\" data-widget_type=\"google_maps.default\">\n\t\t\t\t<div class=\"elementor-widget-container\">\n\t\t\t\t\t<div class=\"elementor-custom-embed\">\n\t\t\t<iframe loading=\"lazy\"\n\t\t\t\t\tsrc=\"https:\/\/maps.google.com\/maps?q=%C3%BAjh%C3%A1z%20etyek&#038;t=m&#038;z=10&#038;output=embed&#038;iwloc=near\"\n\t\t\t\t\ttitle=\"\u00fajh\u00e1z etyek\"\n\t\t\t\t\taria-label=\"\u00fajh\u00e1z etyek\"\n\t\t\t><\/iframe>\n\t\t<\/div>\n\t\t\t\t<\/div>\n\t\t\t\t<\/div>\n\t\t\t\t<div class=\"elementor-element elementor-element-0a0b4d1 elementor-widget elementor-widget-text-editor\" data-id=\"0a0b4d1\" data-element_type=\"widget\" data-widget_type=\"text-editor.default\">\n\t\t\t\t<div class=\"elementor-widget-container\">\n\t\t\t\t\t\t\t<p><strong>Di\u00f3sdi telephely:<\/strong><br \/>2049 Di\u00f3sd, Balatoni \u00fat 10.<br \/>Telefon:\u00a0<a href=\"tel:+3623888788\">23\/888 788<\/a><br \/>E-mail: <a href=\"mailto:diosd@etyekituzep.hu\">diosd@etyekituzep.hu<\/a><\/p>\t\t\t\t\t\t<\/div>\n\t\t\t\t<\/div>\n\t\t\t\t<div class=\"elementor-element elementor-element-909184f elementor-widget elementor-widget-google_maps\" data-id=\"909184f\" data-element_type=\"widget\" data-widget_type=\"google_maps.default\">\n\t\t\t\t<div class=\"elementor-widget-container\">\n\t\t\t\t\t<div class=\"elementor-custom-embed\">\n\t\t\t<iframe loading=\"lazy\"\n\t\t\t\t\tsrc=\"https:\/\/maps.google.com\/maps?q=%C3%BAjh%C3%A1z%20di%C3%B3sd&#038;t=m&#038;z=10&#038;output=embed&#038;iwloc=near\"\n\t\t\t\t\ttitle=\"\u00fajh\u00e1z di\u00f3sd\"\n\t\t\t\t\taria-label=\"\u00fajh\u00e1z di\u00f3sd\"\n\t\t\t><\/iframe>\n\t\t<\/div>\n\t\t\t\t<\/div>\n\t\t\t\t<\/div>\n\t\t\t\t<div class=\"elementor-element elementor-element-48c8426 elementor-widget elementor-widget-text-editor\" data-id=\"48c8426\" data-element_type=\"widget\" data-widget_type=\"text-editor.default\">\n\t\t\t\t<div class=\"elementor-widget-container\">\n\t\t\t\t\t\t\t<p><strong>Sz\u00e9kesfeh\u00e9rv\u00e1ri telephely:<\/strong><br \/>8000 Sz\u00e9kesfeh\u00e9rv\u00e1r, Szent Fl\u00f3ri\u00e1n Krt. &#8211; Kisk\u00fat \u00fatja sarok<br \/>Telefon:<a href=\"tel:+36204012775\">06 20 401 2775<\/a><br \/>E-mail: <a href=\"mailto:info@etyekituzep.hu\">info@ujhazcentrum-szentflorian.hu<\/a><\/p>\t\t\t\t\t\t<\/div>\n\t\t\t\t<\/div>\n\t\t\t\t<div class=\"elementor-element elementor-element-f9e8b93 elementor-widget elementor-widget-google_maps\" data-id=\"f9e8b93\" data-element_type=\"widget\" data-widget_type=\"google_maps.default\">\n\t\t\t\t<div class=\"elementor-widget-container\">\n\t\t\t\t\t<div class=\"elementor-custom-embed\">\n\t\t\t<iframe loading=\"lazy\"\n\t\t\t\t\tsrc=\"https:\/\/maps.google.com\/maps?q=%C3%BAjh%C3%A1z%20sz%C3%A9kesf&#038;t=m&#038;z=10&#038;output=embed&#038;iwloc=near\"\n\t\t\t\t\ttitle=\"\u00fajh\u00e1z sz\u00e9kesf\"\n\t\t\t\t\taria-label=\"\u00fajh\u00e1z sz\u00e9kesf\"\n\t\t\t><\/iframe>\n\t\t<\/div>\n\t\t\t\t<\/div>\n\t\t\t\t<\/div>\n\t\t\t\t\t<\/div>\n\t\t<\/div>\n\t\t\t\t\t\t\t<\/div>\n\t\t<\/section>\n\t\t\t\t\t\t\t<\/div>\n\t\t","protected":false},"excerpt":{"rendered":"<p>\u00c9p\u00edt\u0151ipari term\u00e9kekkel, orsz\u00e1gos h\u00e1zhoz sz\u00e1ll\u00edt\u00e1ssal kapcsolatos k\u00e9rd\u00e9seire munkanapokon 24 \u00f3r\u00e1n bel\u00fcl v\u00e1laszolunk. Telephelyeink: Etyeki sz\u00e9khely \u00e9s telephely:2091 Etyek, Kossuth L. u. 72\/BTelefon:\u00a022\/597-027E-mail:\u00a0info@etyekituzep.hu Di\u00f3sdi telephely:2049 Di\u00f3sd, Balatoni \u00fat 10.Telefon:\u00a023\/888 788E-mail: diosd@etyekituzep.hu Sz\u00e9kesfeh\u00e9rv\u00e1ri telephely:8000 Sz\u00e9kesfeh\u00e9rv\u00e1r, Szent Fl\u00f3ri\u00e1n Krt. &#8211; Kisk\u00fat \u00fatja sarokTelefon:06 20 401 2775E-mail: info@ujhazcentrum-szentflorian.hu<\/p>\n","protected":false},"author":2,"featured_media":0,"parent":0,"menu_order":3,"comment_status":"closed","ping_status":"closed","template":"","meta":[],"aioseo_notices":[],"_links":{"self":[{"href":"https:\/\/etyekituzep.hu\/index.php?rest_route=\/wp\/v2\/pages\/23"}],"collection":[{"href":"https:\/\/etyekituzep.hu\/index.php?rest_route=\/wp\/v2\/pages"}],"about":[{"href":"https:\/\/etyekituzep.hu\/index.php?rest_route=\/wp\/v2\/types\/page"}],"author":[{"embeddable":true,"href":"https:\/\/etyekituzep.hu\/index.php?rest_route=\/wp\/v2\/users\/2"}],"replies":[{"embeddable":true,"href":"https:\/\/etyekituzep.hu\/index.php?rest_route=%2Fwp%2Fv2%2Fcomments&post=23"}],"version-history":[{"count":18,"href":"https:\/\/etyekituzep.hu\/index.php?rest_route=\/wp\/v2\/pages\/23\/revisions"}],"predecessor-version":[{"id":1572,"href":"https:\/\/etyekituzep.hu\/index.php?rest_route=\/wp\/v2\/pages\/23\/revisions\/1572"}],"wp:attachment":[{"href":"https:\/\/etyekituzep.hu\/index.php?rest_route=%2Fwp%2Fv2%2Fmedia&parent=23"}],"curies":[{"name":"wp","href":"https:\/\/api.w.org\/{rel}","templated":true}]}}