{"id":4,"date":"2013-12-12T09:20:35","date_gmt":"2013-12-12T09:20:35","guid":{"rendered":"http:\/\/etyekituzep.hu\/?page_id=4"},"modified":"2023-10-03T13:53:36","modified_gmt":"2023-10-03T13:53:36","slug":"palyazatok","status":"publish","type":"page","link":"https:\/\/etyekituzep.hu\/?page_id=4","title":{"rendered":"P\u00e1ly\u00e1zatok"},"content":{"rendered":"<p><img decoding=\"async\" loading=\"lazy\" class=\"aligncenter wp-image-1148 size-large\" src=\"https:\/\/etyekituzep.hu\/wp-content\/uploads\/2022\/03\/eu1-1024x383.jpg\" alt=\"\" width=\"1024\" height=\"383\" srcset=\"https:\/\/etyekituzep.hu\/wp-content\/uploads\/2022\/03\/eu1-1024x383.jpg 1024w, https:\/\/etyekituzep.hu\/wp-content\/uploads\/2022\/03\/eu1-300x112.jpg 300w, https:\/\/etyekituzep.hu\/wp-content\/uploads\/2022\/03\/eu1-768x287.jpg 768w, https:\/\/etyekituzep.hu\/wp-content\/uploads\/2022\/03\/eu1.jpg 1340w\" sizes=\"(max-width: 1024px) 100vw, 1024px\" \/><\/p>\n<ul style=\"font-weight: 400;\">\n<li><strong>Kedvezm\u00e9nyezett: Etyeki T\u00fcz\u00e9p Kereskedelmi \u00e9s Szolg\u00e1ltat\u00f3 Kft.<\/strong><\/li>\n<li><strong>Projekt c\u00edme: Komplex fejleszt\u00e9s az Etyeki T\u00fcz\u00e9p Kft-n\u00e9l<\/strong><\/li>\n<li><strong>Elnyert t\u00e1mogat\u00e1s \u00f6sszege: 44 575 430 Ft<\/strong><\/li>\n<li><strong>T\u00e1mogat\u00e1s m\u00e9rt\u00e9ke: 70%<\/strong><\/li>\n<li><strong>A projekt fizikai befejez\u00e9s\u00e9nek ideje: 2021.10.27<\/strong><\/li>\n<li><strong>A projekt tartalm\u00e1nak bemutat\u00e1sa:<br \/>\n<\/strong><strong>Az Etyeki T\u00fcz\u00e9p Kereskedelmi \u00e9s Szolg\u00e1ltat\u00f3 Kft. 44,58 milli\u00f3 forint vissza nem t\u00e9r\u00edtend\u0151 t\u00e1mogat\u00e1s nyert a \u201emikro-, kis- \u00e9s k\u00f6z\u00e9pv\u00e1llalkoz\u00e1sok modern \u00fczleti \u00e9s termel\u00e9si kih\u00edv\u00e1sokhoz val\u00f3 alkalmazkod\u00e1s\u00e1t seg\u00edt\u0151 fejleszt\u00e9sek t\u00e1mogat\u00e1sa\u201d t\u00e1rgy\u00fa p\u00e1ly\u00e1zati ki\u00edr\u00e1son, a Gazdas\u00e1gfejleszt\u00e9si \u00e9s Innov\u00e1ci\u00f3s Operat\u00edv Program keret\u00e9n bel\u00fcl. A megval\u00f3s\u00edtott komplex fejleszt\u00e9st, a g\u00e9ppark moderniz\u00e1l\u00e1s\u00e1t \u00edgy siker\u00fclt finansz\u00edrozni. Ahhoz, hogy egy \u00faj gy\u00e1rt\u00e1stechnol\u00f3gi\u00e1t, illetve egy hat\u00e9kony gy\u00e1rt\u00e1si folyamatot fejlessz\u00fck, sz\u00fcks\u00e9g\u00fcnk volt \u00faj, a legfejlettebb technol\u00f3gi\u00e1t alkalmaz\u00f3, automatiz\u00e1lt berendez\u00e9sekre \u00e9s a m\u0171k\u00f6d\u00e9st kiszolg\u00e1l\u00f3 g\u00e9pekre is. A projektben szerepl\u0151 beszerz\u00e9s nagyfok\u00fa innov\u00e1ci\u00f3t, illetve min\u0151s\u00e9gi \u00e9s kapacit\u00e1sbeli el\u0151re-l\u00e9p\u00e9st is jelent a c\u00e9g \u00e9let\u00e9ben.<\/strong><\/li>\n<li><strong>Projektazonos\u00edt\u00f3: GINOP-1.2.8-20-2020-01289<\/strong><\/li>\n<\/ul>\n<p><img decoding=\"async\" loading=\"lazy\" class=\"aligncenter wp-image-1149 size-medium\" src=\"https:\/\/etyekituzep.hu\/wp-content\/uploads\/2021\/06\/ERFA-Sz\u00e9chenyi2020-300x210.jpg\" alt=\"\" width=\"300\" height=\"210\" srcset=\"https:\/\/etyekituzep.hu\/wp-content\/uploads\/2021\/06\/ERFA-Sz\u00e9chenyi2020-300x210.jpg 300w, https:\/\/etyekituzep.hu\/wp-content\/uploads\/2021\/06\/ERFA-Sz\u00e9chenyi2020-768x538.jpg 768w, https:\/\/etyekituzep.hu\/wp-content\/uploads\/2021\/06\/ERFA-Sz\u00e9chenyi2020.jpg 851w\" sizes=\"(max-width: 300px) 100vw, 300px\" \/><\/p>\n<p>&nbsp;<\/p>\n<hr \/>\n<h3 class=\"style5\"><a href=\"\/umft.html\"><img decoding=\"async\" style=\"border: 0px;\" src=\"https:\/\/etyekituzep.hu\/wp-content\/themes\/eclipse\/images\/umft_logo.jpg\" alt=\"Fejleszt\u00e9si terv\" align=\"left\" border=\"0\" \/><\/a> <a class=\"style6 style8\" href=\"\/umft.html\">Befektet\u00e9s a j\u00f6v\u0151be &#8211; \u00daj Magyarorsz\u00e1g Fejleszt\u00e9si Terv p\u00e1ly\u00e1zat:<\/a><\/h3>\n<p>&nbsp;<\/p>\n<p><span class=\"style5\"><img decoding=\"async\" loading=\"lazy\" style=\"margin-left: 5px; margin-right: 5px;\" src=\"https:\/\/etyekituzep.hu\/wp-content\/themes\/eclipse\/images\/eu_logo.jpg\" alt=\"Eu logo\" width=\"84\" height=\"55\" align=\"left\" hspace=\"5\" \/><\/span><span class=\"style6\">Az Etyeki T\u00fcz\u00e9p Kft. technol\u00f3giai fejleszt\u00e9se az Eur\u00f3pai Uni\u00f3 t\u00e1mogat\u00e1s\u00e1val, az Eur\u00f3pai Region\u00e1lis Fejleszt\u00e9si Alap t\u00e1rsfinansz\u00edroz\u00e1s\u00e1val val\u00f3sul meg.<\/span><\/p>\n<p>&nbsp;<\/p>\n<p class=\"style6\"><span style=\"text-decoration: underline;\">A projekt neve: <\/span><\/p>\n<p class=\"style6\">\u201eAz Etyeki T\u00fcz\u00e9p Kft Technol\u00f3gia fejleszt\u00e9se\u201d<\/p>\n<p>GOP-2.1.1-09\/A-2009-1736<\/p>\n<p class=\"style6\"><span style=\"text-decoration: underline;\">A project le\u00edr\u00e1sa:<\/span><\/p>\n<p class=\"style6\">Az Etyeki T\u00fcz\u00e9p Kft. a p\u00e1ly\u00e1zati t\u00e1mogat\u00e1sb\u00f3l speci\u00e1lis \u00e9p\u00edt\u0151anyag kereskedelmi c\u00e9geknek fejlesztett sz\u00e1ml\u00e1z\u00f3, megrendel\u00e9st \u00e9s kintl\u00e9v\u0151s\u00e9g kezel\u0151, valamint logisztikai funkci\u00f3kkal is rendelkez\u0151 rendszert v\u00e1s\u00e1rol. A rendszer bevezet\u00e9s\u00e9hez sz\u00fcks\u00e9ges a telephelyen m\u0171k\u00f6d\u0151 sz\u00e1m\u00edt\u00f3g\u00e9ppark moderniz\u00e1l\u00e1s\u00e1ra, \u00edgy a p\u00e1ly\u00e1zati t\u00e1mogat\u00e1sb\u00f3l 1 db szerver, 5 db munka\u00e1llom\u00e1s \u00e9s ezeknek a m\u0171k\u00f6dtet\u00e9s\u00e9hez sz\u00fcks\u00e9ges szoftverek, valamint 3 db nyomtat\u00f3 ker\u00fcl beszerz\u00e9sre. A rakt\u00e1roz\u00e1si, \u00e1rumozgat\u00e1si \u00e9s sz\u00e1ll\u00edt\u00e1si feladatok seg\u00edt\u00e9s\u00e9re 1 db 2,5 tonn\u00e1s \u00e9s 1 db 3 tonn\u00e1s emel\u0151vill\u00e1s targonc\u00e1t szerz\u00fcnk be.<\/p>\n<p class=\"style6\"><span style=\"text-decoration: underline;\">M\u0171szaki le\u00edr\u00e1s:<\/span><\/p>\n<p class=\"style6\">A speci\u00e1lis \u00e9p\u00edt\u0151anyag kereskedelmi c\u00e9geknek fejlesztett sz\u00e1ml\u00e1z\u00f3, megrendel\u00e9st \u00e9s kintl\u00e9v\u0151s\u00e9g kezel\u0151, valamint logisztikai funkci\u00f3kkal is rendelkez\u0151 rendszer keret\u00e9ben a TESZOR 58.29 T\u00e9gla++ \u00c9p\u00edt\u0151anyag telepi rendszer beszerz\u00e9se t\u00f6rt\u00e9nik meg.<\/p>\n<p class=\"style6\">\u00a0A sz\u00e1m\u00edt\u00f3g\u00e9ppark moderniz\u00e1l\u00e1sa keret\u00e9ben az al\u00e1bbiak teljes\u00fclnek:<\/p>\n<p class=\"style6\">OEM Windows 2003 Server User CAL HU 5 CAL \u2013 Csomagolt oper\u00e1ci\u00f3srendszer 2 db, OEM Windows 2003 Server Standard R2 \u2013 Csomagolt oper\u00e1ci\u00f3srendszer 1 db, Win Trmnl Svcs CAL 2008 Sngl OLP NL User CAL \u2013 Csomagolt oper\u00e1ci\u00f3srendszer 3 db, Dell PowerEdge T300 szerver 1 db, Fujitsu Esprimo P2540 sz\u00e1m\u00edt\u00f3g\u00e9p 1 db, Fujitsu Esprimo P2511\/2140 sz\u00e1m\u00edt\u00f3g\u00e9p 2 db, Fujitsu Esprimo P2511 sz\u00e1m\u00edt\u00f3g\u00e9p 2 db, Fujitsu Siemens Amilo 19\u201d TFT monitor 2 db, LG 17\u201dTFT monitor, Hanns-G 19\u201d TFT monitor 2 db, Kyocera A4 h\u00e1l\u00f3zatos duplex l\u00e9zernyomtat\u00f3 2 db, Kyocera A4\u00a0 duplex l\u00e9zernyomtat\u00f3 1 db.<\/p>\n<p class=\"style6\">\u00a0A rakt\u00e1roz\u00e1si, \u00e1rumozgat\u00e1si \u00e9s sz\u00e1ll\u00edt\u00e1si feladatok seg\u00edt\u00e9s\u00e9re 1 db TCM FD25T3 2,5 tonn\u00e1s, 3300 mm emel\u00e9si magass\u00e1g\u00fa \u00e9s 1 db TCM FD30T3 3 tonn\u00e1s, 4800 mm emel\u00e9si magass\u00e1g\u00fa vill\u00e1s targonca ker\u00fcl beszerz\u00e9sre.<\/p>\n<p class=\"style6\"><span style=\"text-decoration: underline;\">Kedvezm\u00e9nyezett neve \u00e9s el\u00e9rhet\u0151s\u00e9ge:<\/span><\/p>\n<p class=\"style6\">Etyeki T\u00fcz\u00e9p Kft.<\/p>\n<p>2091 Etyek, Kossuth L. u. 72\/B.<\/p>\n<p>Tel: 06-22-597-027<\/p>\n<p><a href=\"http:\/\/www.etyekituzep.hu\">www.etyekituzep.hu <\/a><\/p>\n<p class=\"style6\">A Nemzeti Fejleszt\u00e9si \u00dcgyn\u00f6ks\u00e9g honlapja: <a href=\"http:\/\/ujszechenyiterv.gov.hu\">www.<\/a><a href=\"http:\/\/www.nfu.hu\" target=\"_blank\" rel=\"noopener noreferrer\">ujszechenyiterv.gov.hu<\/a><\/p>\n<p class=\"style6\">K\u00f6zrem\u0171k\u00f6d\u0151 szervezet:<\/p>\n<p>MAG \u2013 Magyar Gazdas\u00e1gfejleszt\u00e9si K\u00f6zpont Zrt.<\/p>\n<p>1139 Budapest, V\u00e1ci \u00fat 83.<\/p>\n<p>Telefon: (+36) 40 200 617<\/p>\n<p><a href=\"http:\/\/www.magzrt.hu\">www.magzrt.hu<\/a><\/p>\n<p class=\"style6\">Ir\u00e1ny\u00edt\u00f3 Hat\u00f3s\u00e1g:<\/p>\n<p>Nemzeti Fejleszt\u00e9si \u00dcgyn\u00f6ks\u00e9g<\/p>\n<p><a href=\"http:\/\/www.nfu.hu\">www.<\/a><a href=\"http:\/\/ujszechenyiterv.gov.hu\" target=\"_blank\" rel=\"noopener noreferrer\">ujszechenyiterv.gov.hu<\/a><\/p>\n<h2 class=\"style6\" align=\"center\"><a href=\"http:\/\/ujszechenyiterv.gov.hu\" target=\"_blank\" rel=\"noopener noreferrer\"><img decoding=\"async\" loading=\"lazy\" style=\"border: 0px;\" src=\"https:\/\/etyekituzep.hu\/wp-content\/themes\/eclipse\/images\/Infoblokk3_altalanos_egyes.jpg\" alt=\"Fejleszt\u00e9si terv\" width=\"500\" height=\"156\" border=\"0\" \/><\/a><\/h2>\n<h3 align=\"center\"><a href=\"http:\/\/www.nfu.hu\/\" target=\"_blank\" rel=\"noopener noreferrer\"><img decoding=\"async\" loading=\"lazy\" src=\"https:\/\/etyekituzep.hu\/wp-content\/themes\/eclipse\/images\/NFU_logo_magyar.jpg\" alt=\"\" width=\"162\" height=\"162\" \/><\/a><\/h3>\n<h3 class=\"style6\" align=\"center\"><a class=\"style8\" href=\"http:\/\/ujszechenyiterv.gov.hu\" target=\"_blank\" rel=\"noopener noreferrer\">\u00daj Sz\u00e9chenyi Terv,<br \/>\naz Eur\u00f3pai Uni\u00f3 t\u00e1mogat\u00e1s\u00e1val megval\u00f3sul\u00f3 projekt<\/a><\/h3>\n<p class=\"style6\"><strong>P\u00e1ly\u00e1zat c\u00edme:<\/strong>\u201e\u00daj telephely l\u00e9tes\u00edt\u00e9se \u00e9s felszerel\u00e9se Bicsk\u00e9n\u201d<\/p>\n<p><strong>P\u00e1ly\u00e1zat sz\u00e1ma:<\/strong> GOP-2010-2.1.1\/B-2010-0095<\/p>\n<p><strong>T\u00e1mogat\u00e1s \u00f6sszege:<\/strong> 20\u00a0400\u00a0663 Ft<\/p>\n<p><strong>P\u00e1ly\u00e1z\u00f3 neve:<\/strong> Etyeki T\u00fcz\u00e9p Kft<\/p>\n<p><strong>C\u00edme:<\/strong> 2091 Etyek, Kossuth utca 72. B. \u00e9p\u00fclet<\/p>\n<p><strong>Megval\u00f3sul\u00e1s helysz\u00edne:<\/strong> 2060 Bicske, Cs\u00e1kv\u00e1ri utca 5.<\/p>\n<p><strong>Kezd\u0151 id\u0151pont<\/strong>: 2011.01.17.<\/p>\n<p><strong>Z\u00e1r\u00f3 id\u0151pont:<\/strong> 2012.10.31.<\/p>\n<p class=\"style6\"><a href=\"http:\/\/ujszechenyiterv.gov.hu\" target=\"_blank\" rel=\"noopener noreferrer\"><img decoding=\"async\" loading=\"lazy\" style=\"border: 0px;\" src=\"https:\/\/etyekituzep.hu\/wp-content\/themes\/eclipse\/images\/USZT_logo_cmyk.jpg\" alt=\"Fejleszt\u00e9si terv\" width=\"300\" height=\"93\" align=\"left\" border=\"0\" \/><\/a><\/p>\n<h3 class=\"style6\"><\/h3>\n<h3 class=\"style6\"><a href=\"http:\/\/ujszechenyiterv.gov.hu\" target=\"_blank\" rel=\"noopener noreferrer\">ujszechenyiterv.gov.hu<\/a><\/h3>\n<h2 class=\"style6\">\u00c9rt\u00e9kes\u00edt\u00e9st \u00e9s Sz\u00e1m\u00edt\u00e1stechnikai k\u00e9szs\u00e9get fejleszt\u0151 k\u00e9pz\u00e9sek az Etyeki T\u00fcz\u00e9pn\u00e9l<\/h2>\n<p class=\"style6\"><span style=\"text-decoration: underline;\">Kedvezm\u00e9nyezett neve \u00e9s el\u00e9rhet\u0151s\u00e9ge:<\/span><\/p>\n<p class=\"style6\">Etyeki T\u00fcz\u00e9p Kft.<\/p>\n<p>2091 Etyek, Kossuth L. u. 72\/B.<\/p>\n<p>Tel: 06-22-597-027<\/p>\n<p><a href=\"http:\/\/www.etyekituzep.hu\">www.etyekituzep.hu <\/a><\/p>\n<h2 class=\"style6\" align=\"center\"><a href=\"http:\/\/ujszechenyiterv.gov.hu\" target=\"_blank\" rel=\"noopener noreferrer\"><img decoding=\"async\" loading=\"lazy\" style=\"border: 0px;\" src=\"https:\/\/etyekituzep.hu\/wp-content\/themes\/eclipse\/images\/Infoblokk3_altalanos_egyes.jpg\" alt=\"Fejleszt\u00e9si terv\" width=\"500\" height=\"156\" border=\"0\" \/><\/a><\/h2>\n<h3 align=\"center\"><a href=\"http:\/\/www.nfu.hu\/\" target=\"_blank\" rel=\"noopener noreferrer\"><img decoding=\"async\" loading=\"lazy\" src=\"https:\/\/etyekituzep.hu\/wp-content\/themes\/eclipse\/images\/NFU_logo_magyar.jpg\" alt=\"\" width=\"162\" height=\"162\" \/><\/a><\/h3>\n<h3 class=\"style6\" align=\"center\"><a class=\"style8\" href=\"http:\/\/ujszechenyiterv.gov.hu\" target=\"_blank\" rel=\"noopener noreferrer\">\u00daj Sz\u00e9chenyi Terv,<br \/>\naz Eur\u00f3pai Uni\u00f3 t\u00e1mogat\u00e1s\u00e1val megval\u00f3sul\u00f3 projekt<\/a><\/h3>\n<p class=\"style6\"><strong>P\u00e1ly\u00e1zat c\u00edme:<\/strong>\u201e\u00c9rt\u00e9kes\u00edt\u00e9st \u00e9s Sz\u00e1m\u00edt\u00e1stechnikai k\u00e9szs\u00e9get fejleszt\u0151 k\u00e9pz\u00e9sek az Etyeki T\u00fcz\u00e9pn\u00e9l\u201d<\/p>\n<p><strong>T\u00e1mogat\u00e1s \u00f6sszege:<\/strong> 9\u00a0283\u00a0721 Ft<\/p>\n<p><strong>P\u00e1ly\u00e1z\u00f3 neve:<\/strong> Etyeki T\u00fcz\u00e9p Kft<\/p>\n<p><strong>C\u00edme:<\/strong> 2091 Etyek, Kossuth utca 72. B. \u00e9p\u00fclet<\/p>\n<p><strong>Kezd\u0151 id\u0151pont<\/strong>: 2013.01.02.<\/p>\n<p><strong>Z\u00e1r\u00f3 id\u0151pont:<\/strong> 2013.06.22.<\/p>\n<h2>V\u00e1llalati folyamatmenedzsment fejleszt\u00e9s az Etyeki T\u00fcz\u00e9p Kft.-n\u00e9l<\/h2>\n<p class=\"style6\"><span style=\"text-decoration: underline;\">Kedvezm\u00e9nyezett neve \u00e9s el\u00e9rhet\u0151s\u00e9ge:<\/span><\/p>\n<p class=\"style6\">Etyeki T\u00fcz\u00e9p Kft.<\/p>\n<p>2091 Etyek, Kossuth L. u. 72\/B.<\/p>\n<p>Tel: 06-22-597-027<\/p>\n<p><a href=\"http:\/\/www.etyekituzep.hu\">www.etyekituzep.hu <\/a><\/p>\n<h2 class=\"style6\" align=\"center\"><a href=\"http:\/\/ujszechenyiterv.gov.hu\" target=\"_blank\" rel=\"noopener noreferrer\"><img decoding=\"async\" loading=\"lazy\" style=\"border: 0px;\" src=\"https:\/\/etyekituzep.hu\/wp-content\/themes\/eclipse\/images\/Infoblokk3_altalanos_egyes.jpg\" alt=\"Fejleszt\u00e9si terv\" width=\"500\" height=\"156\" border=\"0\" \/><\/a><\/h2>\n<h3 class=\"style6\" align=\"center\"><a href=\"http:\/\/www.nfu.hu\/\" target=\"_blank\" rel=\"noopener noreferrer\"><img decoding=\"async\" loading=\"lazy\" class=\"aligncenter\" src=\"https:\/\/etyekituzep.hu\/wp-content\/themes\/eclipse\/images\/NFU_logo_magyar.jpg\" alt=\"\" width=\"162\" height=\"162\" \/><\/a><\/h3>\n<h3 class=\"style6\" align=\"center\"><a class=\"style8\" href=\"http:\/\/ujszechenyiterv.gov.hu\" target=\"_blank\" rel=\"noopener noreferrer\">\u00daj Sz\u00e9chenyi Terv,<br \/>\naz Eur\u00f3pai Uni\u00f3 t\u00e1mogat\u00e1s\u00e1val megval\u00f3sul\u00f3 projekt<\/a><\/h3>\n<p class=\"style6\"><strong>P\u00e1ly\u00e1zat c\u00edme:<\/strong>\u201eV\u00e1llalati folyamatmenedzsment fejleszt\u00e9s az Etyeki T\u00fcz\u00e9p Kft.-n\u00e9l\u201d<\/p>\n<p><strong>T\u00e1mogat\u00e1s \u00f6sszege:<\/strong> 10\u00a0000\u00a0000 Ft<\/p>\n<p><strong>P\u00e1ly\u00e1z\u00f3 neve:<\/strong> Etyeki T\u00fcz\u00e9p Kft<\/p>\n<p><strong>C\u00edme:<\/strong> 2091 Etyek, Kossuth utca 72. B. \u00e9p\u00fclet<\/p>\n<p><strong>Kezd\u0151 id\u0151pont<\/strong>: 2012.11.01.<\/p>\n<p><strong>Z\u00e1r\u00f3 id\u0151pont:<\/strong> 2013.05.31.<\/p>\n<h3 class=\"style6\">Kapcsolat:<\/h3>\n<table width=\"73%\" cellspacing=\"0\" cellpadding=\"0\">\n<tbody>\n<tr>\n<td class=\"style6\" align=\"right\" width=\"40%\">\n<div align=\"left\">E-mail:<\/div>\n<\/td>\n<td class=\"style6\" width=\"60%\">\n<div align=\"left\"><a href=\"mailto:info@tuzep.co.hu\">info@tuzep.co.hu<\/a><\/div>\n<\/td>\n<\/tr>\n<tr>\n<td class=\"style6\" align=\"right\">\n<div align=\"left\">Telefon:<\/div>\n<\/td>\n<td class=\"style6\">\n<div align=\"left\"><strong>06-22-597-027<\/strong><\/div>\n<\/td>\n<\/tr>\n<tr>\n<td class=\"style6\" align=\"right\">\n<div align=\"left\">Telefax:<\/div>\n<\/td>\n<td class=\"style6\">\n<div align=\"left\"><strong>06-22-597-028<\/strong><\/div>\n<\/td>\n<\/tr>\n<tr>\n<td class=\"style6\" align=\"right\" height=\"25\">\n<div align=\"left\">C\u00edm\u00fcnk:<\/div>\n<\/td>\n<td class=\"style6\">\n<div align=\"left\"><strong>2091 Etyek, Kossuth L. u. 72\/B<\/strong>.<\/div>\n<\/td>\n<\/tr>\n<\/tbody>\n<\/table>\n","protected":false},"excerpt":{"rendered":"<p>Kedvezm\u00e9nyezett: Etyeki T\u00fcz\u00e9p Kereskedelmi \u00e9s Szolg\u00e1ltat\u00f3 Kft. Projekt c\u00edme: Komplex fejleszt\u00e9s az Etyeki T\u00fcz\u00e9p Kft-n\u00e9l Elnyert t\u00e1mogat\u00e1s \u00f6sszege: 44 575 430 Ft T\u00e1mogat\u00e1s m\u00e9rt\u00e9ke: 70% A projekt fizikai befejez\u00e9s\u00e9nek ideje: 2021.10.27 A projekt tartalm\u00e1nak bemutat\u00e1sa: Az Etyeki T\u00fcz\u00e9p Kereskedelmi \u00e9s Szolg\u00e1ltat\u00f3 Kft. 44,58 milli\u00f3 forint vissza nem t\u00e9r\u00edtend\u0151 t\u00e1mogat\u00e1s nyert a \u201emikro-, kis- \u00e9s k\u00f6z\u00e9pv\u00e1llalkoz\u00e1sok &#8230; <a title=\"P\u00e1ly\u00e1zatok\" class=\"read-more\" href=\"https:\/\/etyekituzep.hu\/?page_id=4\" aria-label=\"Tov\u00e1bbiak P\u00e1ly\u00e1zatok\">Olvass tov\u00e1bb<\/a><\/p>\n","protected":false},"author":2,"featured_media":0,"parent":0,"menu_order":2,"comment_status":"closed","ping_status":"closed","template":"","meta":[],"aioseo_notices":[],"_links":{"self":[{"href":"https:\/\/etyekituzep.hu\/index.php?rest_route=\/wp\/v2\/pages\/4"}],"collection":[{"href":"https:\/\/etyekituzep.hu\/index.php?rest_route=\/wp\/v2\/pages"}],"about":[{"href":"https:\/\/etyekituzep.hu\/index.php?rest_route=\/wp\/v2\/types\/page"}],"author":[{"embeddable":true,"href":"https:\/\/etyekituzep.hu\/index.php?rest_route=\/wp\/v2\/users\/2"}],"replies":[{"embeddable":true,"href":"https:\/\/etyekituzep.hu\/index.php?rest_route=%2Fwp%2Fv2%2Fcomments&post=4"}],"version-history":[{"count":2,"href":"https:\/\/etyekituzep.hu\/index.php?rest_route=\/wp\/v2\/pages\/4\/revisions"}],"predecessor-version":[{"id":1250,"href":"https:\/\/etyekituzep.hu\/index.php?rest_route=\/wp\/v2\/pages\/4\/revisions\/1250"}],"wp:attachment":[{"href":"https:\/\/etyekituzep.hu\/index.php?rest_route=%2Fwp%2Fv2%2Fmedia&parent=4"}],"curies":[{"name":"wp","href":"https:\/\/api.w.org\/{rel}","templated":true}]}}