{"id":505,"date":"2016-02-08T11:34:11","date_gmt":"2016-02-08T11:34:11","guid":{"rendered":"http:\/\/etyekituzep.hu\/?page_id=505"},"modified":"2016-02-10T15:34:26","modified_gmt":"2016-02-10T15:34:26","slug":"allas","status":"publish","type":"page","link":"https:\/\/etyekituzep.hu\/?page_id=505","title":{"rendered":"\u00c1ll\u00e1s"},"content":{"rendered":"<p>Kedves \u00c9rdekl\u0151d\u0151!<br \/>\n<img decoding=\"async\" loading=\"lazy\" class=\" alignright\" src=\"https:\/\/etyekituzep.hu\/wp-content\/themes\/eclipse\/images\/allas.jpg\" alt=\"\" width=\"305\" height=\"181\" \/><\/p>\n<p>Az Etyeki T\u00fcz\u00e9p Kft. 2003 \u00f3ta folyamatosan, sikerrel\u00a0\u00fczemel, \u00e9s m\u00e1ra a r\u00e9gi\u00f3 egyik legstabilabb munkaad\u00f3j\u00e1v\u00e1 v\u00e1lt.<\/p>\n<p>Munkat\u00e1rsaink sz\u00e1m\u00e1ra biztos h\u00e1tteret \u00e9s korrekt felt\u00e9teleket ny\u00fajtunk, ennek is k\u00f6sz\u00f6nhet\u0151 az alacsony munkaer\u0151 v\u00e1ndorl\u00e1s.<\/p>\n<p><div role=\"form\" class=\"wpcf7\" id=\"wpcf7-f507-o1\" lang=\"hu-HU\" dir=\"ltr\">\n<div class=\"screen-reader-response\"><p role=\"status\" aria-live=\"polite\" aria-atomic=\"true\"><\/p> <ul><\/ul><\/div>\n<form action=\"\/index.php?rest_route=%2Fwp%2Fv2%2Fpages%2F505#wpcf7-f507-o1\" method=\"post\" class=\"wpcf7-form init\" enctype=\"multipart\/form-data\" novalidate=\"novalidate\" data-status=\"init\">\n<div style=\"display: none;\">\n<input type=\"hidden\" name=\"_wpcf7\" value=\"507\" \/>\n<input type=\"hidden\" name=\"_wpcf7_version\" value=\"5.3.2\" \/>\n<input type=\"hidden\" name=\"_wpcf7_locale\" value=\"hu_HU\" \/>\n<input type=\"hidden\" name=\"_wpcf7_unit_tag\" value=\"wpcf7-f507-o1\" \/>\n<input type=\"hidden\" name=\"_wpcf7_container_post\" value=\"0\" \/>\n<input type=\"hidden\" name=\"_wpcf7_posted_data_hash\" value=\"\" \/>\n<\/div>\n<p>Jelenleg a k\u00f6vetkez\u0151 poz\u00edci\u00f3ba keres\u00fcnk jelentkez\u0151ket:<\/p>\n<p style=\"margin-bottom: 20px;\">\n   <span class=\"wpcf7-form-control-wrap checkbox-249\"><span class=\"wpcf7-form-control wpcf7-checkbox wpcf7-validates-as-required\" id=\"pozicio\"><span class=\"wpcf7-list-item first\"><label><input type=\"checkbox\" name=\"checkbox-249[]\" value=\"\u00c9rt\u00e9kes\u00edt\u0151\" \/><span class=\"wpcf7-list-item-label\">\u00c9rt\u00e9kes\u00edt\u0151<\/span><\/label><\/span><span class=\"wpcf7-list-item\"><label><input type=\"checkbox\" name=\"checkbox-249[]\" value=\"Irodai adminisztr\u00e1tor\" \/><span class=\"wpcf7-list-item-label\">Irodai adminisztr\u00e1tor<\/span><\/label><\/span><span class=\"wpcf7-list-item\"><label><input type=\"checkbox\" name=\"checkbox-249[]\" value=\"G\u00e9pkocsivezet\u0151 3,5 T\" \/><span class=\"wpcf7-list-item-label\">G\u00e9pkocsivezet\u0151 3,5 T<\/span><\/label><\/span><span class=\"wpcf7-list-item\"><label><input type=\"checkbox\" name=\"checkbox-249[]\" value=\"G\u00e9pkocsivezet\u0151 12 T\" \/><span class=\"wpcf7-list-item-label\">G\u00e9pkocsivezet\u0151 12 T<\/span><\/label><\/span><span class=\"wpcf7-list-item\"><label><input type=\"checkbox\" name=\"checkbox-249[]\" value=\"G\u00e9pkocsivezet\u0151 40T\" \/><span class=\"wpcf7-list-item-label\">G\u00e9pkocsivezet\u0151 40T<\/span><\/label><\/span><span class=\"wpcf7-list-item last\"><label><input type=\"checkbox\" name=\"checkbox-249[]\" value=\"Targonc\u00e1s, \u00e1rukiad\u00f3\" \/><span class=\"wpcf7-list-item-label\">Targonc\u00e1s, \u00e1rukiad\u00f3<\/span><\/label><\/span><\/span><\/span> <\/p>\n<p>K\u00e9rj\u00fck, a fenti list\u00e1ban tegyen pip\u00e1t az \u00d6nt \u00e9rdekl\u0151 \u00e1ll\u00e1s mell\u00e9, majd t\u00f6ltse ki a jelentkez\u00e9si lap tov\u00e1bbi r\u00e9sz\u00e9t. A csillaggal megjel\u00f6lt r\u00e9szeket k\u00f6telez\u0151 kit\u00f6lteni.<\/p>\n<p style=\"float: left; margin-right: 15px; \">Vezetekn\u00e9v*:<br \/>\n    <span class=\"wpcf7-form-control-wrap vezeteknev\"><input type=\"text\" name=\"vezeteknev\" value=\"\" size=\"40\" class=\"wpcf7-form-control wpcf7-text wpcf7-validates-as-required\" aria-required=\"true\" aria-invalid=\"false\" \/><\/span> <\/p>\n<p>Keresztn\u00e9v*:<br \/>\n    <span class=\"wpcf7-form-control-wrap keresztnev\"><input type=\"text\" name=\"keresztnev\" value=\"\" size=\"40\" class=\"wpcf7-form-control wpcf7-text wpcf7-validates-as-required\" aria-required=\"true\" aria-invalid=\"false\" \/><\/span> <\/p>\n<p>Legmagasabb iskolai v\u00e9gzetts\u00e9g*:<br \/>\n    <span class=\"wpcf7-form-control-wrap vegzettseg\"><textarea name=\"vegzettseg\" cols=\"40\" rows=\"3\" class=\"wpcf7-form-control wpcf7-textarea wpcf7-validates-as-required\" aria-required=\"true\" aria-invalid=\"false\"><\/textarea><\/span><\/p>\n<p>Szakmai vizsg\u00e1k, jogosults\u00e1gok:<br \/>\n    <span class=\"wpcf7-form-control-wrap vizsga\"><textarea name=\"vizsga\" cols=\"40\" rows=\"3\" class=\"wpcf7-form-control wpcf7-textarea\" aria-invalid=\"false\"><\/textarea><\/span><\/p>\n<p>Szakmai tapasztalatok*:<br \/>\n    <span class=\"wpcf7-form-control-wrap tapasztalat\"><textarea name=\"tapasztalat\" cols=\"40\" rows=\"3\" class=\"wpcf7-form-control wpcf7-textarea wpcf7-validates-as-required\" aria-required=\"true\" aria-invalid=\"false\"><\/textarea><\/span><\/p>\n<p>Nett\u00f3 fizet\u00e9si ig\u00e9ny:<br \/>\n   <span class=\"wpcf7-form-control-wrap fizetes\"><input type=\"text\" name=\"fizetes\" value=\"\" size=\"40\" class=\"wpcf7-form-control wpcf7-text\" aria-invalid=\"false\" \/><\/span> <\/p>\n<p style=\"float: left; margin-right: 15px; \">\u00c9letkor*:<br \/>\n   <span class=\"wpcf7-form-control-wrap eletkor\"><input type=\"text\" name=\"eletkor\" value=\"\" size=\"40\" class=\"wpcf7-form-control wpcf7-text wpcf7-validates-as-required\" aria-required=\"true\" aria-invalid=\"false\" \/><\/span> <\/p>\n<p>Lakc\u00edm*:<br \/>\n   <span class=\"wpcf7-form-control-wrap lakcim\"><input type=\"text\" name=\"lakcim\" value=\"\" size=\"40\" class=\"wpcf7-form-control wpcf7-text wpcf7-validates-as-required\" aria-required=\"true\" aria-invalid=\"false\" \/><\/span> <\/p>\n<p style=\"float: left; margin-right: 15px; \">Telefonsz\u00e1m*:<br \/>\n   <span class=\"wpcf7-form-control-wrap tel-527\"><input type=\"tel\" name=\"tel-527\" value=\"\" size=\"40\" class=\"wpcf7-form-control wpcf7-text wpcf7-tel wpcf7-validates-as-required wpcf7-validates-as-tel\" aria-required=\"true\" aria-invalid=\"false\" \/><\/span> <\/p>\n<p>Email c\u00edm*:<br \/>\n    <span class=\"wpcf7-form-control-wrap your-email\"><input type=\"email\" name=\"your-email\" value=\"\" size=\"40\" class=\"wpcf7-form-control wpcf7-text wpcf7-email wpcf7-validates-as-required wpcf7-validates-as-email\" aria-required=\"true\" aria-invalid=\"false\" \/><\/span> <\/p>\n<p>\u00d6n\u00e9letrajz felt\u00f6lt\u00e9se:<br \/>(F\u00e1jl t\u00edpusok: pdf, doc, docx)<br \/>\n  <span class=\"wpcf7-form-control-wrap file-893\"><input type=\"file\" name=\"file-893\" size=\"40\" class=\"wpcf7-form-control wpcf7-file\" accept=\".jpg,.jpeg,.png,.gif,.pdf,.doc,.docx,.ppt,.pptx,.odt,.avi,.ogg,.m4a,.mov,.mp3,.mp4,.mpg,.wav,.wmv\" aria-invalid=\"false\" \/><\/span><\/p>\n<p>Egy\u00e9b inform\u00e1ci\u00f3:<br \/>\n    <span class=\"wpcf7-form-control-wrap your-message\"><textarea name=\"your-message\" cols=\"40\" rows=\"3\" class=\"wpcf7-form-control wpcf7-textarea\" aria-invalid=\"false\"><\/textarea><\/span> <\/p>\n<p>Elolvastam \u00e9s elfogadom az <a href=\"https:\/\/etyekituzep.hu\/wp-content\/uploads\/2018\/05\/adatkezelesi_tajekoztato.pdf\" target=\"_blank\">adatkezel\u00e9si t\u00e1j\u00e9koztat\u00f3t<\/a>*: <span class=\"wpcf7-form-control-wrap adatvedelmi\"><span class=\"wpcf7-form-control wpcf7-acceptance\"><span class=\"wpcf7-list-item\"><input type=\"checkbox\" name=\"adatvedelmi\" value=\"1\" aria-invalid=\"false\" \/><\/span><\/span><\/span><\/p>\n<p>* Kit\u00f6lt\u00e9se k\u00f6telez\u0151<br \/>\n<b>Az elk\u00fcld\u00e9shez k\u00e9rj\u00fck v\u00e9gezze el az al\u00e1bbi matematikai m\u0171veletet:<\/b> <br \/>\n<span class=\"wpcf7-form-control-wrap quiz-182\"><label><span class=\"wpcf7-quiz-label\">2+3=?<\/span> <input type=\"text\" name=\"quiz-182\" size=\"40\" class=\"wpcf7-form-control wpcf7-quiz\" autocomplete=\"off\" aria-required=\"true\" aria-invalid=\"false\" \/><\/label><input type=\"hidden\" name=\"_wpcf7_quiz_answer_quiz-182\" value=\"fb78459fc778bac6099b6facd39cebbf\" \/><\/span><\/p>\n<p><input type=\"submit\" value=\"K\u00fcld\u00e9s\" class=\"wpcf7-form-control wpcf7-submit\" \/><\/p>\n<div class=\"wpcf7-response-output\" aria-hidden=\"true\"><\/div><\/form><\/div><br \/>\nAmennyiben az aktu\u00e1lis hirdet\u00e9seink k\u00f6z\u00f6tt nem tal\u00e1l \u00d6nnek megfelel\u0151t, de sz\u00edvesen dolgozna n\u00e1lunk, akkor az al\u00e1bbi \u0171rlap kit\u00f6lt\u00e9s\u00e9vel, a munkak\u00f6r kiv\u00e1laszt\u00e1s\u00e1val k\u00fcldje el jelentkez\u00e9s\u00e9t.<\/p>\n<p>Nem konkr\u00e9tan meghirdetett poz\u00edci\u00f3k eset\u00e9n, csak azon jel\u00f6ltekkel tudunk kapcsolatot felvenni, akik \u00f6n\u00e9letrajzuk alapj\u00e1n megfelelnek valamely meghirdet\u00e9sre ker\u00fcl\u0151\u00a0poz\u00edci\u00f3 elv\u00e1r\u00e1sainak.\u00a0Az elv\u00e1r\u00e1sok poz\u00edci\u00f3t\u00f3l f\u00fcgg\u0151en elt\u00e9rhetnek, de legal\u00e1bb befejezett \u00e1ltal\u00e1nos iskolai v\u00e9gzetts\u00e9g valamint n\u00e9h\u00e1ny \u00e9ves a ter\u00fcleten elt\u00f6lt\u00f6tt szakmai tapasztalat sz\u00fcks\u00e9ges. K\u00e9rj\u00fck, adja meg, hogy milyen ter\u00fclet \u00e9rdekli, majd adja meg, hogy milyen\u00a0iskolai v\u00e9gzetts\u00e9gekkel, vizsg\u00e1kkal rendelkezik \u00e9s mikor szerezte meg azokat, valamint adja meg azt is, hogy hol \u00e9s mikor szerezte meg szakmai tapasztalatait.<\/p>\n<p>K\u00f6sz\u00f6nettel, az Etyeki T\u00fcz\u00e9p Kft. csapata<br \/>\n<a name=\"urlap\"><\/a><br \/>\n<div role=\"form\" class=\"wpcf7\" id=\"wpcf7-f512-o2\" lang=\"hu-HU\" dir=\"ltr\">\n<div class=\"screen-reader-response\"><p role=\"status\" aria-live=\"polite\" aria-atomic=\"true\"><\/p> <ul><\/ul><\/div>\n<form action=\"\/index.php?rest_route=%2Fwp%2Fv2%2Fpages%2F505#wpcf7-f512-o2\" method=\"post\" class=\"wpcf7-form init\" enctype=\"multipart\/form-data\" novalidate=\"novalidate\" data-status=\"init\">\n<div style=\"display: none;\">\n<input type=\"hidden\" name=\"_wpcf7\" value=\"512\" \/>\n<input type=\"hidden\" name=\"_wpcf7_version\" value=\"5.3.2\" \/>\n<input type=\"hidden\" name=\"_wpcf7_locale\" value=\"hu_HU\" \/>\n<input type=\"hidden\" name=\"_wpcf7_unit_tag\" value=\"wpcf7-f512-o2\" \/>\n<input type=\"hidden\" name=\"_wpcf7_container_post\" value=\"0\" \/>\n<input type=\"hidden\" name=\"_wpcf7_posted_data_hash\" value=\"\" \/>\n<\/div>\n<p style=\"margin-bottom: 20px;\">V\u00e1laszthat\u00f3 munkak\u00f6r*:<br \/>\n   <span class=\"wpcf7-form-control-wrap checkbox-249\"><span class=\"wpcf7-form-control wpcf7-checkbox wpcf7-validates-as-required\" id=\"pozicio\"><span class=\"wpcf7-list-item first\"><label><input type=\"checkbox\" name=\"checkbox-249[]\" value=\"\u00c9rt\u00e9kes\u00edt\u0151\" \/><span class=\"wpcf7-list-item-label\">\u00c9rt\u00e9kes\u00edt\u0151<\/span><\/label><\/span><span class=\"wpcf7-list-item\"><label><input type=\"checkbox\" name=\"checkbox-249[]\" value=\"G\u00e9pkocsivezet\u0151 3,5 T\" \/><span class=\"wpcf7-list-item-label\">G\u00e9pkocsivezet\u0151 3,5 T<\/span><\/label><\/span><span class=\"wpcf7-list-item\"><label><input type=\"checkbox\" name=\"checkbox-249[]\" value=\"G\u00e9pkocsivezet\u0151 12 T\" \/><span class=\"wpcf7-list-item-label\">G\u00e9pkocsivezet\u0151 12 T<\/span><\/label><\/span><span class=\"wpcf7-list-item\"><label><input type=\"checkbox\" name=\"checkbox-249[]\" value=\"G\u00e9pkocsivezet\u0151 40T\" \/><span class=\"wpcf7-list-item-label\">G\u00e9pkocsivezet\u0151 40T<\/span><\/label><\/span><span class=\"wpcf7-list-item\"><label><input type=\"checkbox\" name=\"checkbox-249[]\" value=\"Targonc\u00e1s, \u00e1rukiad\u00f3\" \/><span class=\"wpcf7-list-item-label\">Targonc\u00e1s, \u00e1rukiad\u00f3<\/span><\/label><\/span><span class=\"wpcf7-list-item last\"><label><input type=\"checkbox\" name=\"checkbox-249[]\" value=\"Irodai munkat\u00e1rs\" \/><span class=\"wpcf7-list-item-label\">Irodai munkat\u00e1rs<\/span><\/label><\/span><\/span><\/span> <\/p>\n<p style=\"float: left; margin-right: 15px; \">Vezetekn\u00e9v*:<br \/>\n    <span class=\"wpcf7-form-control-wrap vezeteknev\"><input type=\"text\" name=\"vezeteknev\" value=\"\" size=\"40\" class=\"wpcf7-form-control wpcf7-text wpcf7-validates-as-required\" aria-required=\"true\" aria-invalid=\"false\" \/><\/span> <\/p>\n<p>Keresztn\u00e9v*:<br \/>\n    <span class=\"wpcf7-form-control-wrap keresztnev\"><input type=\"text\" name=\"keresztnev\" value=\"\" size=\"40\" class=\"wpcf7-form-control wpcf7-text wpcf7-validates-as-required\" aria-required=\"true\" aria-invalid=\"false\" \/><\/span> <\/p>\n<p>Legmagasabb iskolai v\u00e9gzetts\u00e9g*:<br \/>\n    <span class=\"wpcf7-form-control-wrap vegzettseg\"><textarea name=\"vegzettseg\" cols=\"40\" rows=\"3\" class=\"wpcf7-form-control wpcf7-textarea wpcf7-validates-as-required\" aria-required=\"true\" aria-invalid=\"false\"><\/textarea><\/span><\/p>\n<p>Szakmai vizsg\u00e1k, jogosults\u00e1gok:<br \/>\n    <span class=\"wpcf7-form-control-wrap vizsga\"><textarea name=\"vizsga\" cols=\"40\" rows=\"3\" class=\"wpcf7-form-control wpcf7-textarea\" aria-invalid=\"false\"><\/textarea><\/span><\/p>\n<p>Szakmai tapasztalatok*:<br \/>\n    <span class=\"wpcf7-form-control-wrap tapasztalat\"><textarea name=\"tapasztalat\" cols=\"40\" rows=\"3\" class=\"wpcf7-form-control wpcf7-textarea wpcf7-validates-as-required\" aria-required=\"true\" aria-invalid=\"false\"><\/textarea><\/span><\/p>\n<p>Nett\u00f3 fizet\u00e9si ig\u00e9ny :<br \/>\n   <span class=\"wpcf7-form-control-wrap fizetes\"><input type=\"text\" name=\"fizetes\" value=\"\" size=\"40\" class=\"wpcf7-form-control wpcf7-text\" aria-invalid=\"false\" \/><\/span> <\/p>\n<p style=\"float: left; margin-right: 15px; \">\u00c9letkor*:<br \/>\n   <span class=\"wpcf7-form-control-wrap eletkor\"><input type=\"text\" name=\"eletkor\" value=\"\" size=\"40\" class=\"wpcf7-form-control wpcf7-text wpcf7-validates-as-required\" aria-required=\"true\" aria-invalid=\"false\" \/><\/span> <\/p>\n<p>Lakc\u00edm*:<br \/>\n   <span class=\"wpcf7-form-control-wrap lakcim\"><input type=\"text\" name=\"lakcim\" value=\"\" size=\"40\" class=\"wpcf7-form-control wpcf7-text wpcf7-validates-as-required\" aria-required=\"true\" aria-invalid=\"false\" \/><\/span> <\/p>\n<p style=\"float: left; margin-right: 15px; \">Telefonsz\u00e1m*:<br \/>\n   <span class=\"wpcf7-form-control-wrap tel-527\"><input type=\"tel\" name=\"tel-527\" value=\"\" size=\"40\" class=\"wpcf7-form-control wpcf7-text wpcf7-tel wpcf7-validates-as-required wpcf7-validates-as-tel\" aria-required=\"true\" aria-invalid=\"false\" \/><\/span> <\/p>\n<p>Email c\u00edm*:<br \/>\n    <span class=\"wpcf7-form-control-wrap your-email\"><input type=\"email\" name=\"your-email\" value=\"\" size=\"40\" class=\"wpcf7-form-control wpcf7-text wpcf7-email wpcf7-validates-as-required wpcf7-validates-as-email\" aria-required=\"true\" aria-invalid=\"false\" \/><\/span> <\/p>\n<p>\u00d6n\u00e9letrajz felt\u00f6lt\u00e9se:<br \/>(F\u00e1jl t\u00edpusok: pdf, doc, docx)<br \/>\n  <span class=\"wpcf7-form-control-wrap file-893\"><input type=\"file\" name=\"file-893\" size=\"40\" class=\"wpcf7-form-control wpcf7-file\" accept=\".jpg,.jpeg,.png,.gif,.pdf,.doc,.docx,.ppt,.pptx,.odt,.avi,.ogg,.m4a,.mov,.mp3,.mp4,.mpg,.wav,.wmv\" aria-invalid=\"false\" \/><\/span><\/p>\n<p>Egy\u00e9b inform\u00e1ci\u00f3:<br \/>\n    <span class=\"wpcf7-form-control-wrap your-message\"><textarea name=\"your-message\" cols=\"40\" rows=\"3\" class=\"wpcf7-form-control wpcf7-textarea\" aria-invalid=\"false\"><\/textarea><\/span> <\/p>\n<p>Elolvastam \u00e9s elfogadom az <a href=\"https:\/\/etyekituzep.hu\/wp-content\/uploads\/2018\/05\/adatkezelesi_tajekoztato.pdf\" target=\"_blank\">adatkezel\u00e9si t\u00e1j\u00e9koztat\u00f3<\/a>*: <span class=\"wpcf7-form-control-wrap adatvedelmi\"><span class=\"wpcf7-form-control wpcf7-acceptance\"><span class=\"wpcf7-list-item\"><input type=\"checkbox\" name=\"adatvedelmi\" value=\"1\" aria-invalid=\"false\" \/><\/span><\/span><\/span><\/p>\n<p>* Kit\u00f6lt\u00e9se k\u00f6telez\u0151<br \/>\n<b>Az elk\u00fcld\u00e9shez k\u00e9rj\u00fck v\u00e9gezze el az al\u00e1bbi matematikai m\u0171veletet:<\/b> <br \/>\n<span class=\"wpcf7-form-control-wrap quiz-182\"><label><span class=\"wpcf7-quiz-label\">5+5=?<\/span> <input type=\"text\" name=\"quiz-182\" size=\"40\" class=\"wpcf7-form-control wpcf7-quiz\" autocomplete=\"off\" aria-required=\"true\" aria-invalid=\"false\" \/><\/label><input type=\"hidden\" name=\"_wpcf7_quiz_answer_quiz-182\" value=\"b8885d6d26ddaecd113e375ed2fcbe1e\" \/><\/span><\/p>\n<p><input type=\"submit\" value=\"K\u00fcld\u00e9s\" class=\"wpcf7-form-control wpcf7-submit\" \/><\/p>\n<div class=\"wpcf7-response-output\" aria-hidden=\"true\"><\/div><\/form><\/div><\/p>\n","protected":false},"excerpt":{"rendered":"<p>Kedves \u00c9rdekl\u0151d\u0151! Az Etyeki T\u00fcz\u00e9p Kft. 2003 \u00f3ta folyamatosan, sikerrel\u00a0\u00fczemel, \u00e9s m\u00e1ra a r\u00e9gi\u00f3 egyik legstabilabb munkaad\u00f3j\u00e1v\u00e1 v\u00e1lt. Munkat\u00e1rsaink sz\u00e1m\u00e1ra biztos h\u00e1tteret \u00e9s korrekt felt\u00e9teleket ny\u00fajtunk, ennek is k\u00f6sz\u00f6nhet\u0151 az alacsony munkaer\u0151 v\u00e1ndorl\u00e1s. Amennyiben az aktu\u00e1lis hirdet\u00e9seink k\u00f6z\u00f6tt nem tal\u00e1l \u00d6nnek megfelel\u0151t, de sz\u00edvesen dolgozna n\u00e1lunk, akkor az al\u00e1bbi \u0171rlap kit\u00f6lt\u00e9s\u00e9vel, a munkak\u00f6r kiv\u00e1laszt\u00e1s\u00e1val k\u00fcldje &#8230; <a title=\"\u00c1ll\u00e1s\" class=\"read-more\" href=\"https:\/\/etyekituzep.hu\/?page_id=505\" aria-label=\"Tov\u00e1bbiak \u00c1ll\u00e1s\">Olvass tov\u00e1bb<\/a><\/p>\n","protected":false},"author":2,"featured_media":0,"parent":0,"menu_order":0,"comment_status":"closed","ping_status":"closed","template":"","meta":[],"aioseo_notices":[],"_links":{"self":[{"href":"https:\/\/etyekituzep.hu\/index.php?rest_route=\/wp\/v2\/pages\/505"}],"collection":[{"href":"https:\/\/etyekituzep.hu\/index.php?rest_route=\/wp\/v2\/pages"}],"about":[{"href":"https:\/\/etyekituzep.hu\/index.php?rest_route=\/wp\/v2\/types\/page"}],"author":[{"embeddable":true,"href":"https:\/\/etyekituzep.hu\/index.php?rest_route=\/wp\/v2\/users\/2"}],"replies":[{"embeddable":true,"href":"https:\/\/etyekituzep.hu\/index.php?rest_route=%2Fwp%2Fv2%2Fcomments&post=505"}],"version-history":[{"count":1,"href":"https:\/\/etyekituzep.hu\/index.php?rest_route=\/wp\/v2\/pages\/505\/revisions"}],"predecessor-version":[{"id":1238,"href":"https:\/\/etyekituzep.hu\/index.php?rest_route=\/wp\/v2\/pages\/505\/revisions\/1238"}],"wp:attachment":[{"href":"https:\/\/etyekituzep.hu\/index.php?rest_route=%2Fwp%2Fv2%2Fmedia&parent=505"}],"curies":[{"name":"wp","href":"https:\/\/api.w.org\/{rel}","templated":true}]}}