{"id":978,"date":"2021-06-21T14:31:14","date_gmt":"2021-06-21T14:31:14","guid":{"rendered":"https:\/\/etyekituzep.hu\/?page_id=978"},"modified":"2025-01-10T13:24:14","modified_gmt":"2025-01-10T13:24:14","slug":"etyeki-tuzep","status":"publish","type":"page","link":"https:\/\/etyekituzep.hu\/","title":{"rendered":"Etyeki T\u00fcz\u00e9p"},"content":{"rendered":"\t\t<div data-elementor-type=\"wp-page\" data-elementor-id=\"978\" class=\"elementor elementor-978\">\n\t\t\t\t\t\t\t\t\t<section class=\"elementor-section elementor-top-section elementor-element elementor-element-7becbc9 et_word_cloud elementor-section-boxed elementor-section-height-default elementor-section-height-default\" data-id=\"7becbc9\" data-element_type=\"section\" data-settings=\"{&quot;jet_parallax_layout_list&quot;:[{&quot;jet_parallax_layout_image&quot;:{&quot;url&quot;:&quot;&quot;,&quot;id&quot;:&quot;&quot;},&quot;_id&quot;:&quot;8b6b952&quot;,&quot;jet_parallax_layout_image_tablet&quot;:{&quot;url&quot;:&quot;&quot;,&quot;id&quot;:&quot;&quot;},&quot;jet_parallax_layout_image_mobile&quot;:{&quot;url&quot;:&quot;&quot;,&quot;id&quot;:&quot;&quot;},&quot;jet_parallax_layout_speed&quot;:{&quot;unit&quot;:&quot;%&quot;,&quot;size&quot;:50,&quot;sizes&quot;:[]},&quot;jet_parallax_layout_type&quot;:&quot;scroll&quot;,&quot;jet_parallax_layout_direction&quot;:null,&quot;jet_parallax_layout_fx_direction&quot;:null,&quot;jet_parallax_layout_z_index&quot;:&quot;&quot;,&quot;jet_parallax_layout_bg_x&quot;:50,&quot;jet_parallax_layout_bg_x_tablet&quot;:&quot;&quot;,&quot;jet_parallax_layout_bg_x_mobile&quot;:&quot;&quot;,&quot;jet_parallax_layout_bg_y&quot;:50,&quot;jet_parallax_layout_bg_y_tablet&quot;:&quot;&quot;,&quot;jet_parallax_layout_bg_y_mobile&quot;:&quot;&quot;,&quot;jet_parallax_layout_bg_size&quot;:&quot;auto&quot;,&quot;jet_parallax_layout_bg_size_tablet&quot;:&quot;&quot;,&quot;jet_parallax_layout_bg_size_mobile&quot;:&quot;&quot;,&quot;jet_parallax_layout_animation_prop&quot;:&quot;transform&quot;,&quot;jet_parallax_layout_on&quot;:[&quot;desktop&quot;,&quot;tablet&quot;]}]}\">\n\t\t\t\t\t\t<div class=\"elementor-container elementor-column-gap-default\">\n\t\t\t\t\t<div class=\"elementor-column elementor-col-100 elementor-top-column elementor-element elementor-element-ad6540b\" data-id=\"ad6540b\" data-element_type=\"column\">\n\t\t\t<div class=\"elementor-widget-wrap elementor-element-populated\">\n\t\t\t\t\t\t\t\t<div class=\"elementor-element elementor-element-f5f24fa elementor-widget elementor-widget-html\" data-id=\"f5f24fa\" data-element_type=\"widget\" data-widget_type=\"html.default\">\n\t\t\t\t<div class=\"elementor-widget-container\">\n\t\t\t<ul class=\"cloud\" role=\"navigation\" aria-label=\"Webdev word cloud\">\r\n  <li><a href=\"\/?page_id=30\" data-weight=\"4\">falburkolatok<\/a><\/li>\r\n  <li><a href=\"\/?page_id=30\" data-weight=\"3\">padl\u00f3burkolatok<\/a><\/li>\r\n  <li><a href=\"\/?page_id=30\" data-weight=\"2\">burkolatragaszt\u00f3k<\/a><\/li>\r\n  <li><a href=\"\/?page_id=30\" data-weight=\"8\">gipszkarton<\/a><\/li>\r\n  <li><a href=\"\/?page_id=30\" data-weight=\"1\">\u00e9p\u00edt\u00e9si faanyagok<\/a><\/li>\r\n  <li><a href=\"\/?page_id=30\" data-weight=\"3\">ker\u00edt\u00e9selemek<\/a><\/li>\r\n  <li><a href=\"\/?page_id=30\" data-weight=\"5\">t\u00e9rk\u00f6vek<\/a><\/li>\r\n  <li><a href=\"\/?page_id=30\" data-weight=\"6\">kerti t\u00e9rburkolatok<\/a><\/li>\r\n  <li><a href=\"\/?page_id=30\" data-weight=\"9\">t\u00e9gl\u00e1k<\/a><\/li>\r\n  <li><a href=\"\/?page_id=30\" data-weight=\"2\">falaz\u00f3elemek<\/a><\/li>\r\n  <li><a href=\"\/?page_id=30\" data-weight=\"5\">gerend\u00e1k<\/a><\/li>\r\n  <li><a href=\"\/?page_id=30\" data-weight=\"4\">zsaluk\u00f6vek<\/a><\/li>\r\n  <li><a href=\"\/?page_id=30\" data-weight=\"9\">cserepek<\/a><\/li>\r\n  <li><a href=\"\/?page_id=30\" data-weight=\"4\">tet\u0151fed\u0151 anyagok<\/a><\/li>\r\n  <li><a href=\"\/?page_id=30\" data-weight=\"6\">tet\u0151ablakok<\/a><\/li>\r\n  <li><a href=\"\/?page_id=30\" data-weight=\"7\">h\u0151szigetel\u0151 anyagok<\/a><\/li>\r\n  <li><a href=\"\/?page_id=30\" data-weight=\"5\">vakolatok<\/a><\/li>\r\n  <li><a href=\"\/?page_id=30\" data-weight=\"3\">v\u00edzszigetel\u00e9sek<\/a><\/li>\r\n  <li><a href=\"\/?page_id=30\" data-weight=\"8\">k\u00e9m\u00e9nyrendszerek<\/a><\/li>\r\n<\/ul>\r\n<style>\r\nul.cloud {\r\n  list-style: none;\r\n  padding-left: 0;\r\n  display: flex;\r\n  flex-wrap: wrap;\r\n  align-items: center;\r\n  justify-content: center;\r\n  line-height: 2.75rem;\r\n  width: 100%;\r\n  max-width: 100vw;\r\n  margin: 0 auto;\r\n}\r\n\r\nul.cloud a {\r\n\r\n  --size: 4;\r\n  --color: #2F3083;\r\n  color: var(--color);\r\n  font-size: calc(var(--size) * 0.20rem + 0.5rem);\r\n  display: block;\r\n  padding: 0.125rem 0.25rem;\r\n  position: relative;\r\n  text-decoration: none;\r\n}\r\n\r\nul.cloud a[data-weight=\"1\"] { --size: 1; }\r\nul.cloud a[data-weight=\"2\"] { --size: 2; }\r\nul.cloud a[data-weight=\"3\"] { --size: 3; }\r\nul.cloud a[data-weight=\"4\"] { --size: 4; }\r\nul.cloud a[data-weight=\"5\"] { --size: 6; }\r\nul.cloud a[data-weight=\"6\"] { --size: 8; }\r\nul.cloud a[data-weight=\"7\"] { --size: 10; }\r\nul.cloud a[data-weight=\"8\"] { --size: 13; }\r\nul.cloud a[data-weight=\"9\"] { --size: 16; }\r\n\r\nul[data-show-value] a::after {\r\n  content: \" (\" attr(data-weight) \")\";\r\n  font-size: 1rem;\r\n}\r\n\r\n@media (max-width:1023px){\r\n    ul.cloud a[data-weight=\"1\"] { --size: 1; }\r\nul.cloud a[data-weight=\"2\"] { --size: 2; }\r\nul.cloud a[data-weight=\"3\"] { --size: 2; }\r\nul.cloud a[data-weight=\"4\"] { --size: 3; }\r\nul.cloud a[data-weight=\"5\"] { --size: 4; }\r\nul.cloud a[data-weight=\"6\"] { --size: 5; }\r\nul.cloud a[data-weight=\"7\"] { --size: 6; }\r\nul.cloud a[data-weight=\"8\"] { --size: 7; }\r\nul.cloud a[data-weight=\"9\"] { --size: 8; }\r\n  \r\n  \r\n  ul.cloud a {\r\n\r\n  --size: 2;\r\n  --color: #2F3083;\r\n  color: var(--color);\r\n  font-size: calc(var(--size) * 0.15rem + 0.4rem);\r\n  display: block;\r\n  padding: 0.0125rem 0.25rem;\r\n  position: relative;\r\n  text-decoration: none;\r\n}\r\n ul.cloud {\r\n  list-style: none;\r\n  padding-left: 0;\r\n  display: flex;\r\n  flex-wrap: wrap;\r\n  align-items: center;\r\n  justify-content: center;\r\n  line-height: 1.45rem;\r\n  width: 100%;\r\n  max-width: 100vw;\r\n} \r\n    \r\n}\r\n\r\nul.cloud li:nth-child(2n+1) a { --color: #FEB934 ; }\r\nul.cloud li:nth-child(3n+1) a { --color: #F17F24; }\r\nul.cloud li:nth-child(4n+1) a { --color: #2F3083; }\r\n\r\nul.cloud a:focus {\r\n  outline: 1px dashed;\r\n}\r\n\r\nul.cloud a::before {\r\n  content: \"\";\r\n  position: absolute;\r\n  top: 0;\r\n  left: 50%;\r\n  width: 0;\r\n  height: 100%;\r\n  background: var(--color);\r\n  transform: translate(-50%, 0);\r\n  opacity: 0.15;\r\n  transition: width 0.25s;\r\n}\r\n\r\nul.cloud a:focus::before,\r\nul.cloud a:hover::before {\r\n  width: 100%;\r\n}\r\n\r\n@media (prefers-reduced-motion) {\r\n  ul.cloud * {\r\n    transition: none !important;\r\n  }\r\n}\r\n<\/style>\t\t<\/div>\n\t\t\t\t<\/div>\n\t\t\t\t<div class=\"elementor-element elementor-element-d591ffb elementor-arrows-position-outside elementor-pagination-position-outside elementor--h-position-center elementor--v-position-middle elementor-widget elementor-widget-slides\" data-id=\"d591ffb\" data-element_type=\"widget\" id=\"et_kezdolap_slider\" data-settings=\"{&quot;navigation&quot;:&quot;both&quot;,&quot;autoplay&quot;:&quot;yes&quot;,&quot;pause_on_hover&quot;:&quot;yes&quot;,&quot;pause_on_interaction&quot;:&quot;yes&quot;,&quot;autoplay_speed&quot;:5000,&quot;infinite&quot;:&quot;yes&quot;,&quot;transition&quot;:&quot;slide&quot;,&quot;transition_speed&quot;:500}\" data-widget_type=\"slides.default\">\n\t\t\t\t<div class=\"elementor-widget-container\">\n\t\t\t\t\t<div class=\"elementor-swiper\">\n\t\t\t<div class=\"elementor-slides-wrapper elementor-main-swiper swiper-container\" dir=\"ltr\" data-animation=\"fadeInUp\">\n\t\t\t\t<div class=\"swiper-wrapper elementor-slides\">\n\t\t\t\t\t\t\t\t\t\t<div class=\"elementor-repeater-item-a351487 swiper-slide\"><div class=\"swiper-slide-bg\"><\/div><a class=\"swiper-slide-inner\" href=\"https:\/\/etyekituzep.hu\/?page_id=30\"><div class=\"swiper-slide-contents\"><\/div><\/a><\/div>\t\t\t\t<\/div>\n\t\t\t\t\t\t\t<\/div>\n\t\t<\/div>\n\t\t\t\t<\/div>\n\t\t\t\t<\/div>\n\t\t\t\t<div class=\"elementor-element elementor-element-f4ee31c elementor-widget elementor-widget-text-editor\" data-id=\"f4ee31c\" data-element_type=\"widget\" data-widget_type=\"text-editor.default\">\n\t\t\t\t<div class=\"elementor-widget-container\">\n\t\t\t\t\t\t\t<p>Az Etyeki T\u00fcz\u00e9p Kft. 2003 \u00f3ta szolg\u00e1lja ki kiemelked\u0151 technol\u00f3giai sz\u00ednvonal\u00fa \u00e9p\u00edt\u0151anyaggal a v\u00e1s\u00e1rl\u00f3kat. Etyeken, Bicsk\u00e9n \u00e9s Sz\u00e9kesfeh\u00e9rv\u00e1ron, \u00f6sszesen 44.000 n\u00e9gyzetm\u00e9ternyi ter\u00fcleten, az \u00e9p\u00edt\u00e9si folyamatot, \u00e9s az \u00e9p\u00edt\u0151anyagokat is kiv\u00e1l\u00f3an ismer\u0151 szakembereinkkel v\u00e1rjuk az \u00e9rdekl\u0151d\u0151ket.<\/p>\t\t\t\t\t\t<\/div>\n\t\t\t\t<\/div>\n\t\t\t\t\t<\/div>\n\t\t<\/div>\n\t\t\t\t\t\t\t<\/div>\n\t\t<\/section>\n\t\t\t\t\t\t\t<\/div>\n\t\t","protected":false},"excerpt":{"rendered":"<p>falburkolatok padl\u00f3burkolatok burkolatragaszt\u00f3k gipszkarton \u00e9p\u00edt\u00e9si faanyagok ker\u00edt\u00e9selemek t\u00e9rk\u00f6vek kerti t\u00e9rburkolatok t\u00e9gl\u00e1k falaz\u00f3elemek gerend\u00e1k zsaluk\u00f6vek cserepek tet\u0151fed\u0151 anyagok tet\u0151ablakok h\u0151szigetel\u0151 anyagok vakolatok v\u00edzszigetel\u00e9sek k\u00e9m\u00e9nyrendszerek Az Etyeki T\u00fcz\u00e9p Kft. 2003 \u00f3ta szolg\u00e1lja ki kiemelked\u0151 technol\u00f3giai sz\u00ednvonal\u00fa \u00e9p\u00edt\u0151anyaggal a v\u00e1s\u00e1rl\u00f3kat. Etyeken, Bicsk\u00e9n \u00e9s Sz\u00e9kesfeh\u00e9rv\u00e1ron, \u00f6sszesen 44.000 n\u00e9gyzetm\u00e9ternyi ter\u00fcleten, az \u00e9p\u00edt\u00e9si folyamatot, \u00e9s az \u00e9p\u00edt\u0151anyagokat is kiv\u00e1l\u00f3an ismer\u0151 szakembereinkkel &#8230; <a title=\"Etyeki T\u00fcz\u00e9p\" class=\"read-more\" href=\"https:\/\/etyekituzep.hu\/\" aria-label=\"Tov\u00e1bbiak Etyeki T\u00fcz\u00e9p\">Olvass tov\u00e1bb<\/a><\/p>\n","protected":false},"author":2,"featured_media":0,"parent":0,"menu_order":0,"comment_status":"closed","ping_status":"closed","template":"elementor_header_footer","meta":[],"aioseo_notices":[],"_links":{"self":[{"href":"https:\/\/etyekituzep.hu\/index.php?rest_route=\/wp\/v2\/pages\/978"}],"collection":[{"href":"https:\/\/etyekituzep.hu\/index.php?rest_route=\/wp\/v2\/pages"}],"about":[{"href":"https:\/\/etyekituzep.hu\/index.php?rest_route=\/wp\/v2\/types\/page"}],"author":[{"embeddable":true,"href":"https:\/\/etyekituzep.hu\/index.php?rest_route=\/wp\/v2\/users\/2"}],"replies":[{"embeddable":true,"href":"https:\/\/etyekituzep.hu\/index.php?rest_route=%2Fwp%2Fv2%2Fcomments&post=978"}],"version-history":[{"count":69,"href":"https:\/\/etyekituzep.hu\/index.php?rest_route=\/wp\/v2\/pages\/978\/revisions"}],"predecessor-version":[{"id":1564,"href":"https:\/\/etyekituzep.hu\/index.php?rest_route=\/wp\/v2\/pages\/978\/revisions\/1564"}],"wp:attachment":[{"href":"https:\/\/etyekituzep.hu\/index.php?rest_route=%2Fwp%2Fv2%2Fmedia&parent=978"}],"curies":[{"name":"wp","href":"https:\/\/api.w.org\/{rel}","templated":true}]}}